{"id":832,"date":"2024-01-15T16:55:32","date_gmt":"2024-01-15T15:55:32","guid":{"rendered":"https:\/\/coreondu.world\/?page_id=832"},"modified":"2025-02-26T09:35:34","modified_gmt":"2025-02-26T08:35:34","slug":"speaking-talks","status":"publish","type":"page","link":"https:\/\/coreondu.world\/pt\/speaking-talks\/","title":{"rendered":"discursos e palestras"},"content":{"rendered":"<div data-elementor-type=\"wp-page\" data-elementor-id=\"832\" class=\"elementor elementor-832\" data-elementor-post-type=\"page\">\n\t\t\t\t<div class=\"elementor-element elementor-element-dcfb74c e-flex e-con-boxed wpr-particle-no wpr-jarallax-no wpr-parallax-no wpr-sticky-section-no e-con e-parent\" data-id=\"dcfb74c\" data-element_type=\"container\" data-settings=\"{&quot;background_background&quot;:&quot;classic&quot;}\">\n\t\t\t\t\t<div class=\"e-con-inner\">\n\t\t\t\t<div class=\"elementor-element elementor-element-a291891 elementor-widget elementor-widget-heading\" data-id=\"a291891\" data-element_type=\"widget\" data-widget_type=\"heading.default\">\n\t\t\t\t<div class=\"elementor-widget-container\">\n\t\t\t\t\t<h2 class=\"elementor-heading-title elementor-size-default\">falante <span style=\"color:#FF4E00\">&amp; <\/span>conversas<\/h2>\t\t\t\t<\/div>\n\t\t\t\t<\/div>\n\t\t\t\t\t<\/div>\n\t\t\t\t<\/div>\n\t\t<div class=\"elementor-element elementor-element-02968a8 e-flex e-con-boxed wpr-particle-no wpr-jarallax-no wpr-parallax-no wpr-sticky-section-no e-con e-parent\" data-id=\"02968a8\" data-element_type=\"container\">\n\t\t\t\t\t<div class=\"e-con-inner\">\n\t\t\t\t<div class=\"elementor-element elementor-element-01ec2ca elementor-widget elementor-widget-spacer\" data-id=\"01ec2ca\" data-element_type=\"widget\" data-widget_type=\"spacer.default\">\n\t\t\t\t<div class=\"elementor-widget-container\">\n\t\t\t\t\t\t\t<div class=\"elementor-spacer\">\n\t\t\t<div class=\"elementor-spacer-inner\"><\/div>\n\t\t<\/div>\n\t\t\t\t\t\t<\/div>\n\t\t\t\t<\/div>\n\t\t\t\t\t<\/div>\n\t\t\t\t<\/div>\n\t\t<div class=\"elementor-element elementor-element-7141d8d e-flex e-con-boxed wpr-particle-no wpr-jarallax-no wpr-parallax-no wpr-sticky-section-no e-con e-parent\" data-id=\"7141d8d\" data-element_type=\"container\">\n\t\t\t\t\t<div class=\"e-con-inner\">\n\t\t\t\t<div class=\"elementor-element elementor-element-47df60f elementor-widget elementor-widget-text-editor\" data-id=\"47df60f\" data-element_type=\"widget\" data-widget_type=\"text-editor.default\">\n\t\t\t\t<div class=\"elementor-widget-container\">\n\t\t\t\t\t\t\t\t\t<p>Cor\u00e9on \u00e9 conhecido pelo seu forte estilo est\u00e9tico e pela sua contribui\u00e7\u00e3o para projectos que deram visibilidade internacional \u00e0 cultura pop angolana nos dom\u00ednios da m\u00fasica, dan\u00e7a, moda, televis\u00e3o e cinema. Quer saber mais?<\/p>\t\t\t\t\t\t\t\t<\/div>\n\t\t\t\t<\/div>\n\t\t\t\t\t<\/div>\n\t\t\t\t<\/div>\n\t\t<div class=\"elementor-element elementor-element-7e9f3c4 e-flex e-con-boxed wpr-particle-no wpr-jarallax-no wpr-parallax-no wpr-sticky-section-no e-con e-parent\" data-id=\"7e9f3c4\" data-element_type=\"container\">\n\t\t\t\t\t<div class=\"e-con-inner\">\n\t\t\t\t<div class=\"elementor-element elementor-element-b0317fe elementor-hidden-mobile elementor-widget elementor-widget-spacer\" data-id=\"b0317fe\" data-element_type=\"widget\" data-widget_type=\"spacer.default\">\n\t\t\t\t<div class=\"elementor-widget-container\">\n\t\t\t\t\t\t\t<div class=\"elementor-spacer\">\n\t\t\t<div class=\"elementor-spacer-inner\"><\/div>\n\t\t<\/div>\n\t\t\t\t\t\t<\/div>\n\t\t\t\t<\/div>\n\t\t\t\t\t<\/div>\n\t\t\t\t<\/div>\n\t\t<div class=\"elementor-element elementor-element-609e517 e-con-full e-flex wpr-particle-no wpr-jarallax-no wpr-parallax-no wpr-sticky-section-no e-con e-parent\" data-id=\"609e517\" data-element_type=\"container\">\n\t\t<div class=\"elementor-element elementor-element-12400da e-con-full e-flex wpr-particle-no wpr-jarallax-no wpr-parallax-no wpr-sticky-section-no e-con e-child\" data-id=\"12400da\" data-element_type=\"container\">\n\t\t\t\t<div class=\"elementor-element elementor-element-010a12a elementor-widget elementor-widget-image\" data-id=\"010a12a\" data-element_type=\"widget\" data-widget_type=\"image.default\">\n\t\t\t\t<div class=\"elementor-widget-container\">\n\t\t\t\t\t\t\t\t\t\t\t\t\t\t\t\t<a href=\"https:\/\/www.instagram.com\/p\/CsUewQptmCA\/?utm_source=ig_embed&#038;utm_campaign=loading\">\n\t\t\t\t\t\t\t<img fetchpriority=\"high\" decoding=\"async\" width=\"898\" height=\"540\" src=\"https:\/\/coreondu.world\/wp-content\/uploads\/2024\/02\/afrocannes.png\" class=\"attachment-large size-large wp-image-1046\" alt=\"\" srcset=\"https:\/\/coreondu.world\/wp-content\/uploads\/2024\/02\/afrocannes.png 898w, https:\/\/coreondu.world\/wp-content\/uploads\/2024\/02\/afrocannes-300x180.png 300w, https:\/\/coreondu.world\/wp-content\/uploads\/2024\/02\/afrocannes-768x462.png 768w\" sizes=\"(max-width: 898px) 100vw, 898px\" \/>\t\t\t\t\t\t\t\t<\/a>\n\t\t\t\t\t\t\t\t\t\t\t\t\t\t\t<\/div>\n\t\t\t\t<\/div>\n\t\t\t\t<\/div>\n\t\t<div class=\"elementor-element elementor-element-979d75c e-con-full e-flex wpr-particle-no wpr-jarallax-no wpr-parallax-no wpr-sticky-section-no e-con e-child\" data-id=\"979d75c\" data-element_type=\"container\">\n\t\t\t\t<div class=\"elementor-element elementor-element-acf6f8e elementor-widget elementor-widget-heading\" data-id=\"acf6f8e\" data-element_type=\"widget\" data-widget_type=\"heading.default\">\n\t\t\t\t<div class=\"elementor-widget-container\">\n\t\t\t\t\t<h2 class=\"elementor-heading-title elementor-size-default\">Afrocannes 2023 <\/h2>\t\t\t\t<\/div>\n\t\t\t\t<\/div>\n\t\t\t\t<div class=\"elementor-element elementor-element-474178e elementor-widget elementor-widget-spacer\" data-id=\"474178e\" data-element_type=\"widget\" data-widget_type=\"spacer.default\">\n\t\t\t\t<div class=\"elementor-widget-container\">\n\t\t\t\t\t\t\t<div class=\"elementor-spacer\">\n\t\t\t<div class=\"elementor-spacer-inner\"><\/div>\n\t\t<\/div>\n\t\t\t\t\t\t<\/div>\n\t\t\t\t<\/div>\n\t\t\t\t<div class=\"elementor-element elementor-element-26d291d elementor-widget elementor-widget-text-editor\" data-id=\"26d291d\" data-element_type=\"widget\" data-widget_type=\"text-editor.default\">\n\t\t\t\t<div class=\"elementor-widget-container\">\n\t\t\t\t\t\t\t\t\t<p>O artista Cor\u00e9on D\u00fa teve a oportunidade de participar no passado m\u00eas de maio como orador no festival \"AfroCannes\". Um encontro que re\u00fane realizadores e produtores do mundo do cinema africano, cujo objetivo era partilhar realiza\u00e7\u00f5es, sonhos e ambi\u00e7\u00f5es com os outros oradores e participantes.<\/p>\t\t\t\t\t\t\t\t<\/div>\n\t\t\t\t<\/div>\n\t\t\t\t<\/div>\n\t\t\t\t<\/div>\n\t\t<div class=\"elementor-element elementor-element-0c76553 e-flex e-con-boxed wpr-particle-no wpr-jarallax-no wpr-parallax-no wpr-sticky-section-no e-con e-parent\" data-id=\"0c76553\" data-element_type=\"container\">\n\t\t\t\t\t<div class=\"e-con-inner\">\n\t\t\t\t<div class=\"elementor-element elementor-element-f32e547 elementor-hidden-mobile elementor-widget elementor-widget-spacer\" data-id=\"f32e547\" data-element_type=\"widget\" data-widget_type=\"spacer.default\">\n\t\t\t\t<div class=\"elementor-widget-container\">\n\t\t\t\t\t\t\t<div class=\"elementor-spacer\">\n\t\t\t<div class=\"elementor-spacer-inner\"><\/div>\n\t\t<\/div>\n\t\t\t\t\t\t<\/div>\n\t\t\t\t<\/div>\n\t\t\t\t\t<\/div>\n\t\t\t\t<\/div>\n\t\t<div class=\"elementor-element elementor-element-0981324 e-con-full e-flex wpr-particle-no wpr-jarallax-no wpr-parallax-no wpr-sticky-section-no e-con e-parent\" data-id=\"0981324\" data-element_type=\"container\">\n\t\t<div class=\"elementor-element elementor-element-4cbdce1 e-con-full e-flex wpr-particle-no wpr-jarallax-no wpr-parallax-no wpr-sticky-section-no e-con e-child\" data-id=\"4cbdce1\" data-element_type=\"container\">\n\t\t\t\t<div class=\"elementor-element elementor-element-0586808 elementor-widget elementor-widget-video\" data-id=\"0586808\" data-element_type=\"widget\" data-settings=\"{&quot;youtube_url&quot;:&quot;https:\\\/\\\/youtu.be\\\/BaJBohLtm7Q?si=a26uJEiO5rRIpA5P&quot;,&quot;video_type&quot;:&quot;youtube&quot;,&quot;controls&quot;:&quot;yes&quot;}\" data-widget_type=\"video.default\">\n\t\t\t\t<div class=\"elementor-widget-container\">\n\t\t\t\t\t\t\t<div class=\"elementor-wrapper elementor-open-inline\">\n\t\t\t<div class=\"elementor-video\"><\/div>\t\t<\/div>\n\t\t\t\t\t\t<\/div>\n\t\t\t\t<\/div>\n\t\t\t\t<\/div>\n\t\t<div class=\"elementor-element elementor-element-0f63948 e-con-full e-flex wpr-particle-no wpr-jarallax-no wpr-parallax-no wpr-sticky-section-no e-con e-child\" data-id=\"0f63948\" data-element_type=\"container\">\n\t\t\t\t<div class=\"elementor-element elementor-element-03401c1 elementor-widget elementor-widget-heading\" data-id=\"03401c1\" data-element_type=\"widget\" data-widget_type=\"heading.default\">\n\t\t\t\t<div class=\"elementor-widget-container\">\n\t\t\t\t\t<h2 class=\"elementor-heading-title elementor-size-default\">Mercado cinematogr\u00e1fico de Durban 2021<\/h2>\t\t\t\t<\/div>\n\t\t\t\t<\/div>\n\t\t\t\t<div class=\"elementor-element elementor-element-a5b9dd5 elementor-widget elementor-widget-spacer\" data-id=\"a5b9dd5\" data-element_type=\"widget\" data-widget_type=\"spacer.default\">\n\t\t\t\t<div class=\"elementor-widget-container\">\n\t\t\t\t\t\t\t<div class=\"elementor-spacer\">\n\t\t\t<div class=\"elementor-spacer-inner\"><\/div>\n\t\t<\/div>\n\t\t\t\t\t\t<\/div>\n\t\t\t\t<\/div>\n\t\t\t\t<div class=\"elementor-element elementor-element-9b1db27 elementor-widget elementor-widget-text-editor\" data-id=\"9b1db27\" data-element_type=\"widget\" data-widget_type=\"text-editor.default\">\n\t\t\t\t<div class=\"elementor-widget-container\">\n\t\t\t\t\t\t\t\t\t<p>Lara De Sousa \u00e9 uma cineasta, realizadora e produtora de cinema de Mo\u00e7ambique e conduz uma entrevista com Cor\u00e9on Du. Nesta entrevista, Lara explica a grande inspira\u00e7\u00e3o que o artista transmite, em particular aos jovens e ao resto da sociedade.<\/p>\t\t\t\t\t\t\t\t<\/div>\n\t\t\t\t<\/div>\n\t\t\t\t<\/div>\n\t\t\t\t<\/div>\n\t\t<div class=\"elementor-element elementor-element-de92726 e-flex e-con-boxed wpr-particle-no wpr-jarallax-no wpr-parallax-no wpr-sticky-section-no e-con e-parent\" data-id=\"de92726\" data-element_type=\"container\">\n\t\t\t\t\t<div class=\"e-con-inner\">\n\t\t\t\t<div class=\"elementor-element elementor-element-b988cad elementor-hidden-mobile elementor-widget elementor-widget-spacer\" data-id=\"b988cad\" data-element_type=\"widget\" data-widget_type=\"spacer.default\">\n\t\t\t\t<div class=\"elementor-widget-container\">\n\t\t\t\t\t\t\t<div class=\"elementor-spacer\">\n\t\t\t<div class=\"elementor-spacer-inner\"><\/div>\n\t\t<\/div>\n\t\t\t\t\t\t<\/div>\n\t\t\t\t<\/div>\n\t\t\t\t\t<\/div>\n\t\t\t\t<\/div>\n\t\t<div class=\"elementor-element elementor-element-d69e64e e-con-full e-flex wpr-particle-no wpr-jarallax-no wpr-parallax-no wpr-sticky-section-no e-con e-parent\" data-id=\"d69e64e\" data-element_type=\"container\">\n\t\t<div class=\"elementor-element elementor-element-67cdf39 e-con-full e-flex wpr-particle-no wpr-jarallax-no wpr-parallax-no wpr-sticky-section-no e-con e-child\" data-id=\"67cdf39\" data-element_type=\"container\">\n\t\t\t\t<div class=\"elementor-element elementor-element-d8bdccf elementor-widget elementor-widget-image\" data-id=\"d8bdccf\" data-element_type=\"widget\" data-widget_type=\"image.default\">\n\t\t\t\t<div class=\"elementor-widget-container\">\n\t\t\t\t\t\t\t\t\t\t\t\t\t\t\t\t<a href=\"https:\/\/www.instagram.com\/tv\/CSUU5SxLPnU\/?igshid=MzRlODBiNWFlZA==%20https:\/\/thecorrespondent.com\/518\/africa-in-the-imagination-attend-our-virtual-panel-on-11-june-at-16-00-gmt\/68577606636-df062476?pk_campaign=weekly%20\" target=\"_blank\">\n\t\t\t\t\t\t\t<img decoding=\"async\" width=\"960\" height=\"600\" src=\"https:\/\/coreondu.world\/wp-content\/uploads\/2024\/01\/Sin-titulo-1024x640.png\" class=\"attachment-large size-large wp-image-1007\" alt=\"\" srcset=\"https:\/\/coreondu.world\/wp-content\/uploads\/2024\/01\/Sin-titulo-1024x640.png 1024w, https:\/\/coreondu.world\/wp-content\/uploads\/2024\/01\/Sin-titulo-300x187.png 300w, https:\/\/coreondu.world\/wp-content\/uploads\/2024\/01\/Sin-titulo-768x480.png 768w, https:\/\/coreondu.world\/wp-content\/uploads\/2024\/01\/Sin-titulo-1536x959.png 1536w, https:\/\/coreondu.world\/wp-content\/uploads\/2024\/01\/Sin-titulo.png 1721w\" sizes=\"(max-width: 960px) 100vw, 960px\" \/>\t\t\t\t\t\t\t\t<\/a>\n\t\t\t\t\t\t\t\t\t\t\t\t\t\t\t<\/div>\n\t\t\t\t<\/div>\n\t\t\t\t<\/div>\n\t\t<div class=\"elementor-element elementor-element-ecfaf20 e-con-full e-flex wpr-particle-no wpr-jarallax-no wpr-parallax-no wpr-sticky-section-no e-con e-child\" data-id=\"ecfaf20\" data-element_type=\"container\">\n\t\t\t\t<div class=\"elementor-element elementor-element-b893dbb elementor-widget elementor-widget-heading\" data-id=\"b893dbb\" data-element_type=\"widget\" data-widget_type=\"heading.default\">\n\t\t\t\t<div class=\"elementor-widget-container\">\n\t\t\t\t\t<h2 class=\"elementor-heading-title elementor-size-default\">Painel do Correspondente Online <\/h2>\t\t\t\t<\/div>\n\t\t\t\t<\/div>\n\t\t\t\t<div class=\"elementor-element elementor-element-6e34fc7 elementor-widget elementor-widget-spacer\" data-id=\"6e34fc7\" data-element_type=\"widget\" data-widget_type=\"spacer.default\">\n\t\t\t\t<div class=\"elementor-widget-container\">\n\t\t\t\t\t\t\t<div class=\"elementor-spacer\">\n\t\t\t<div class=\"elementor-spacer-inner\"><\/div>\n\t\t<\/div>\n\t\t\t\t\t\t<\/div>\n\t\t\t\t<\/div>\n\t\t\t\t<div class=\"elementor-element elementor-element-f6e8364 elementor-widget elementor-widget-text-editor\" data-id=\"f6e8364\" data-element_type=\"widget\" data-widget_type=\"text-editor.default\">\n\t\t\t\t<div class=\"elementor-widget-container\">\n\t\t\t\t\t\t\t\t\t<p class=\"MsoNormal\">No rescaldo da pandemia, o mundo criativo sofreu algumas altera\u00e7\u00f5es. Por esta raz\u00e3o, \"Africa in the Imagination\" nasceu como uma forma de partilhar com pessoas do mesmo continente conhecimentos e experi\u00eancias sobre os criativos africanos num mundo cheio de desafios e oportunidades. E, apesar dos obst\u00e1culos, houve oportunidades para nos ligarmos e aprendermos uns com os outros.<\/p>\t\t\t\t\t\t\t\t<\/div>\n\t\t\t\t<\/div>\n\t\t\t\t<\/div>\n\t\t\t\t<\/div>\n\t\t<div class=\"elementor-element elementor-element-0f4203d e-flex e-con-boxed wpr-particle-no wpr-jarallax-no wpr-parallax-no wpr-sticky-section-no e-con e-parent\" data-id=\"0f4203d\" data-element_type=\"container\">\n\t\t\t\t\t<div class=\"e-con-inner\">\n\t\t\t\t<div class=\"elementor-element elementor-element-a2b7da7 elementor-widget elementor-widget-spacer\" data-id=\"a2b7da7\" data-element_type=\"widget\" data-widget_type=\"spacer.default\">\n\t\t\t\t<div class=\"elementor-widget-container\">\n\t\t\t\t\t\t\t<div class=\"elementor-spacer\">\n\t\t\t<div class=\"elementor-spacer-inner\"><\/div>\n\t\t<\/div>\n\t\t\t\t\t\t<\/div>\n\t\t\t\t<\/div>\n\t\t\t\t\t<\/div>\n\t\t\t\t<\/div>\n\t\t\t\t<\/div>","protected":false},"excerpt":{"rendered":"<p>speaking &amp; talks Cor\u00e9on es conocido por su marcado estilo est\u00e9tico y sus contribuciones a proyectos que han dado visibilidad internacional a la cultura pop angole\u00f1a en los \u00e1mbitos de la m\u00fasica, la danza, la moda, la televisi\u00f3n y el cine. \u00bfQuieres saber m\u00e1s? Afrocannes 2023 El artista Cor\u00e9on D\u00fa tuvo la oportunidad de asistir el pasado mes de mayo como ponente al festival \u00abAfroCannes\u00bb. Un Encuentro que re\u00fane a directores y productores del mundo cinematogr\u00e1fico africano y que tuvo como objetivo compartir logros, sue\u00f1os y ambiciones con el resto de ponentes y participantes. Durban Film Mart 2021 Lara De Sousa es cineasta, directora y productora de cine mozambique\u00f1a y realiza una entrevista a Cor\u00e9on Du. Em esta entrevista Lara, explica la gran inspiraci\u00f3n que transmite el artista en concreto los a j\u00f3venes y al resto de la sociedad. The Correspondent Online Panel Tras la pandemia, el mundo creativo sufri\u00f3 algunos cambios. Por esa raz\u00f3n, surge \u00ab\u00c1frica en la imaginaci\u00f3n\u00bb una forma de compartir con las personas del mismo continente conocimientos y experiencias sobre creativos africanos en un mundo lleno de desaf\u00edos y oportunidades. Y a pesar de los obst\u00e1culos, hubo oportunidades que han servido para conectar y aprender ente nosotros.<\/p>","protected":false},"author":1,"featured_media":0,"parent":0,"menu_order":0,"comment_status":"closed","ping_status":"closed","template":"","meta":{"footnotes":""},"class_list":["post-832","page","type-page","status-publish","hentry"],"yoast_head":"<!-- This site is optimized with the Yoast SEO plugin v27.1.1 - https:\/\/yoast.com\/product\/yoast-seo-wordpress\/ -->\n<title>speaking &amp; talks - Coreon Du<\/title>\n<meta name=\"robots\" content=\"index, follow, max-snippet:-1, max-image-preview:large, max-video-preview:-1\" \/>\n<link rel=\"canonical\" href=\"https:\/\/coreondu.world\/pt\/speaking-talks\/\" \/>\n<meta property=\"og:locale\" content=\"pt_PT\" \/>\n<meta property=\"og:type\" content=\"article\" \/>\n<meta property=\"og:title\" content=\"speaking &amp; talks - Coreon Du\" \/>\n<meta property=\"og:description\" content=\"speaking &amp; talks Cor\u00e9on es conocido por su marcado estilo est\u00e9tico y sus contribuciones a proyectos que han dado visibilidad internacional a la cultura pop angole\u00f1a en los \u00e1mbitos de la m\u00fasica, la danza, la moda, la televisi\u00f3n y el cine. \u00bfQuieres saber m\u00e1s? Afrocannes 2023 El artista Cor\u00e9on D\u00fa tuvo la oportunidad de asistir el pasado mes de mayo como ponente al festival \u00abAfroCannes\u00bb. Un Encuentro que re\u00fane a directores y productores del mundo cinematogr\u00e1fico africano y que tuvo como objetivo compartir logros, sue\u00f1os y ambiciones con el resto de ponentes y participantes. Durban Film Mart 2021 Lara De Sousa es cineasta, directora y productora de cine mozambique\u00f1a y realiza una entrevista a Cor\u00e9on Du. Em esta entrevista Lara, explica la gran inspiraci\u00f3n que transmite el artista en concreto los a j\u00f3venes y al resto de la sociedad. The Correspondent Online Panel Tras la pandemia, el mundo creativo sufri\u00f3 algunos cambios. Por esa raz\u00f3n, surge \u00ab\u00c1frica en la imaginaci\u00f3n\u00bb una forma de compartir con las personas del mismo continente conocimientos y experiencias sobre creativos africanos en un mundo lleno de desaf\u00edos y oportunidades. Y a pesar de los obst\u00e1culos, hubo oportunidades que han servido para conectar y aprender ente nosotros.\" \/>\n<meta property=\"og:url\" content=\"https:\/\/coreondu.world\/pt\/speaking-talks\/\" \/>\n<meta property=\"og:site_name\" content=\"Coreon Du\" \/>\n<meta property=\"article:publisher\" content=\"https:\/\/www.facebook.com\/CoreonDuOficial\/\" \/>\n<meta property=\"article:modified_time\" content=\"2025-02-26T08:35:34+00:00\" \/>\n<meta property=\"og:image\" content=\"https:\/\/coreondu.world\/wp-content\/uploads\/2024\/02\/afrocannes.png\" \/>\n<meta name=\"twitter:card\" content=\"summary_large_image\" \/>\n<meta name=\"twitter:label1\" content=\"Tempo estimado de leitura\" \/>\n\t<meta name=\"twitter:data1\" content=\"2 minutos\" \/>\n<script type=\"application\/ld+json\" class=\"yoast-schema-graph\">{\"@context\":\"https:\/\/schema.org\",\"@graph\":[{\"@type\":\"WebPage\",\"@id\":\"https:\/\/coreondu.world\/speaking-talks\/\",\"url\":\"https:\/\/coreondu.world\/speaking-talks\/\",\"name\":\"speaking & talks - Coreon Du\",\"isPartOf\":{\"@id\":\"https:\/\/coreondu.world\/#website\"},\"primaryImageOfPage\":{\"@id\":\"https:\/\/coreondu.world\/speaking-talks\/#primaryimage\"},\"image\":{\"@id\":\"https:\/\/coreondu.world\/speaking-talks\/#primaryimage\"},\"thumbnailUrl\":\"https:\/\/coreondu.world\/wp-content\/uploads\/2024\/02\/afrocannes.png\",\"datePublished\":\"2024-01-15T15:55:32+00:00\",\"dateModified\":\"2025-02-26T08:35:34+00:00\",\"breadcrumb\":{\"@id\":\"https:\/\/coreondu.world\/speaking-talks\/#breadcrumb\"},\"inLanguage\":\"pt-PT\",\"potentialAction\":[{\"@type\":\"ReadAction\",\"target\":[\"https:\/\/coreondu.world\/speaking-talks\/\"]}]},{\"@type\":\"ImageObject\",\"inLanguage\":\"pt-PT\",\"@id\":\"https:\/\/coreondu.world\/speaking-talks\/#primaryimage\",\"url\":\"https:\/\/coreondu.world\/wp-content\/uploads\/2024\/02\/afrocannes.png\",\"contentUrl\":\"https:\/\/coreondu.world\/wp-content\/uploads\/2024\/02\/afrocannes.png\"},{\"@type\":\"BreadcrumbList\",\"@id\":\"https:\/\/coreondu.world\/speaking-talks\/#breadcrumb\",\"itemListElement\":[{\"@type\":\"ListItem\",\"position\":1,\"name\":\"Portada\",\"item\":\"https:\/\/coreondu.world\/\"},{\"@type\":\"ListItem\",\"position\":2,\"name\":\"speaking &#038; talks\"}]},{\"@type\":\"WebSite\",\"@id\":\"https:\/\/coreondu.world\/#website\",\"url\":\"https:\/\/coreondu.world\/\",\"name\":\"Cor\u00e9on D\u00fa\",\"description\":\"\",\"potentialAction\":[{\"@type\":\"SearchAction\",\"target\":{\"@type\":\"EntryPoint\",\"urlTemplate\":\"https:\/\/coreondu.world\/?s={search_term_string}\"},\"query-input\":{\"@type\":\"PropertyValueSpecification\",\"valueRequired\":true,\"valueName\":\"search_term_string\"}}],\"inLanguage\":\"pt-PT\"}]}<\/script>\n<!-- \/ Yoast SEO plugin. -->","yoast_head_json":{"title":"speaking & talks - Coreon Du","robots":{"index":"index","follow":"follow","max-snippet":"max-snippet:-1","max-image-preview":"max-image-preview:large","max-video-preview":"max-video-preview:-1"},"canonical":"https:\/\/coreondu.world\/pt\/speaking-talks\/","og_locale":"pt_PT","og_type":"article","og_title":"speaking & talks - Coreon Du","og_description":"speaking &amp; talks Cor\u00e9on es conocido por su marcado estilo est\u00e9tico y sus contribuciones a proyectos que han dado visibilidad internacional a la cultura pop angole\u00f1a en los \u00e1mbitos de la m\u00fasica, la danza, la moda, la televisi\u00f3n y el cine. \u00bfQuieres saber m\u00e1s? Afrocannes 2023 El artista Cor\u00e9on D\u00fa tuvo la oportunidad de asistir el pasado mes de mayo como ponente al festival \u00abAfroCannes\u00bb. Un Encuentro que re\u00fane a directores y productores del mundo cinematogr\u00e1fico africano y que tuvo como objetivo compartir logros, sue\u00f1os y ambiciones con el resto de ponentes y participantes. Durban Film Mart 2021 Lara De Sousa es cineasta, directora y productora de cine mozambique\u00f1a y realiza una entrevista a Cor\u00e9on Du. Em esta entrevista Lara, explica la gran inspiraci\u00f3n que transmite el artista en concreto los a j\u00f3venes y al resto de la sociedad. The Correspondent Online Panel Tras la pandemia, el mundo creativo sufri\u00f3 algunos cambios. Por esa raz\u00f3n, surge \u00ab\u00c1frica en la imaginaci\u00f3n\u00bb una forma de compartir con las personas del mismo continente conocimientos y experiencias sobre creativos africanos en un mundo lleno de desaf\u00edos y oportunidades. Y a pesar de los obst\u00e1culos, hubo oportunidades que han servido para conectar y aprender ente nosotros.","og_url":"https:\/\/coreondu.world\/pt\/speaking-talks\/","og_site_name":"Coreon Du","article_publisher":"https:\/\/www.facebook.com\/CoreonDuOficial\/","article_modified_time":"2025-02-26T08:35:34+00:00","og_image":[{"url":"https:\/\/coreondu.world\/wp-content\/uploads\/2024\/02\/afrocannes.png","type":"","width":"","height":""}],"twitter_card":"summary_large_image","twitter_misc":{"Tempo estimado de leitura":"2 minutos"},"schema":{"@context":"https:\/\/schema.org","@graph":[{"@type":"WebPage","@id":"https:\/\/coreondu.world\/speaking-talks\/","url":"https:\/\/coreondu.world\/speaking-talks\/","name":"speaking & talks - Coreon Du","isPartOf":{"@id":"https:\/\/coreondu.world\/#website"},"primaryImageOfPage":{"@id":"https:\/\/coreondu.world\/speaking-talks\/#primaryimage"},"image":{"@id":"https:\/\/coreondu.world\/speaking-talks\/#primaryimage"},"thumbnailUrl":"https:\/\/coreondu.world\/wp-content\/uploads\/2024\/02\/afrocannes.png","datePublished":"2024-01-15T15:55:32+00:00","dateModified":"2025-02-26T08:35:34+00:00","breadcrumb":{"@id":"https:\/\/coreondu.world\/speaking-talks\/#breadcrumb"},"inLanguage":"pt-PT","potentialAction":[{"@type":"ReadAction","target":["https:\/\/coreondu.world\/speaking-talks\/"]}]},{"@type":"ImageObject","inLanguage":"pt-PT","@id":"https:\/\/coreondu.world\/speaking-talks\/#primaryimage","url":"https:\/\/coreondu.world\/wp-content\/uploads\/2024\/02\/afrocannes.png","contentUrl":"https:\/\/coreondu.world\/wp-content\/uploads\/2024\/02\/afrocannes.png"},{"@type":"BreadcrumbList","@id":"https:\/\/coreondu.world\/speaking-talks\/#breadcrumb","itemListElement":[{"@type":"ListItem","position":1,"name":"Portada","item":"https:\/\/coreondu.world\/"},{"@type":"ListItem","position":2,"name":"speaking &#038; talks"}]},{"@type":"WebSite","@id":"https:\/\/coreondu.world\/#website","url":"https:\/\/coreondu.world\/","name":"Cor\u00e9on D\u00fa","description":"","potentialAction":[{"@type":"SearchAction","target":{"@type":"EntryPoint","urlTemplate":"https:\/\/coreondu.world\/?s={search_term_string}"},"query-input":{"@type":"PropertyValueSpecification","valueRequired":true,"valueName":"search_term_string"}}],"inLanguage":"pt-PT"}]}},"_links":{"self":[{"href":"https:\/\/coreondu.world\/pt\/wp-json\/wp\/v2\/pages\/832","targetHints":{"allow":["GET"]}}],"collection":[{"href":"https:\/\/coreondu.world\/pt\/wp-json\/wp\/v2\/pages"}],"about":[{"href":"https:\/\/coreondu.world\/pt\/wp-json\/wp\/v2\/types\/page"}],"author":[{"embeddable":true,"href":"https:\/\/coreondu.world\/pt\/wp-json\/wp\/v2\/users\/1"}],"replies":[{"embeddable":true,"href":"https:\/\/coreondu.world\/pt\/wp-json\/wp\/v2\/comments?post=832"}],"version-history":[{"count":0,"href":"https:\/\/coreondu.world\/pt\/wp-json\/wp\/v2\/pages\/832\/revisions"}],"wp:attachment":[{"href":"https:\/\/coreondu.world\/pt\/wp-json\/wp\/v2\/media?parent=832"}],"curies":[{"name":"wp","href":"https:\/\/api.w.org\/{rel}","templated":true}]}}