{"id":625,"date":"2023-10-09T10:38:56","date_gmt":"2023-10-09T08:38:56","guid":{"rendered":"https:\/\/coreondu.world\/?page_id=625"},"modified":"2025-02-27T11:38:07","modified_gmt":"2025-02-27T10:38:07","slug":"contacto","status":"publish","type":"page","link":"https:\/\/coreondu.world\/pt\/contacto\/","title":{"rendered":"contacto"},"content":{"rendered":"<div data-elementor-type=\"wp-page\" data-elementor-id=\"625\" class=\"elementor elementor-625\" data-elementor-post-type=\"page\">\n\t\t\t\t<div class=\"elementor-element elementor-element-6b83349 e-flex e-con-boxed wpr-particle-no wpr-jarallax-no wpr-parallax-no wpr-sticky-section-no e-con e-parent\" data-id=\"6b83349\" data-element_type=\"container\" data-settings=\"{&quot;background_background&quot;:&quot;classic&quot;}\">\n\t\t\t\t\t<div class=\"e-con-inner\">\n\t\t\t\t<div class=\"elementor-element elementor-element-96e7b64 elementor-widget elementor-widget-heading\" data-id=\"96e7b64\" data-element_type=\"widget\" data-widget_type=\"heading.default\">\n\t\t\t\t<div class=\"elementor-widget-container\">\n\t\t\t\t\t<h2 class=\"elementor-heading-title elementor-size-default\">contacto<span style=\"color:#FF4E00\">.<\/span><\/h2>\t\t\t\t<\/div>\n\t\t\t\t<\/div>\n\t\t\t\t\t<\/div>\n\t\t\t\t<\/div>\n\t\t<div class=\"elementor-element elementor-element-b395a46 e-flex e-con-boxed wpr-particle-no wpr-jarallax-no wpr-parallax-no wpr-sticky-section-no e-con e-parent\" data-id=\"b395a46\" data-element_type=\"container\">\n\t\t\t\t\t<div class=\"e-con-inner\">\n\t\t\t\t<div class=\"elementor-element elementor-element-4509777 elementor-widget elementor-widget-spacer\" data-id=\"4509777\" data-element_type=\"widget\" data-widget_type=\"spacer.default\">\n\t\t\t\t<div class=\"elementor-widget-container\">\n\t\t\t\t\t\t\t<div class=\"elementor-spacer\">\n\t\t\t<div class=\"elementor-spacer-inner\"><\/div>\n\t\t<\/div>\n\t\t\t\t\t\t<\/div>\n\t\t\t\t<\/div>\n\t\t\t\t\t<\/div>\n\t\t\t\t<\/div>\n\t\t<div class=\"elementor-element elementor-element-aafdfd7 e-flex e-con-boxed wpr-particle-no wpr-jarallax-no wpr-parallax-no wpr-sticky-section-no e-con e-parent\" data-id=\"aafdfd7\" data-element_type=\"container\">\n\t\t\t\t\t<div class=\"e-con-inner\">\n\t\t<div class=\"elementor-element elementor-element-9e6ce0c e-con-full e-flex wpr-particle-no wpr-jarallax-no wpr-parallax-no wpr-sticky-section-no e-con e-child\" data-id=\"9e6ce0c\" data-element_type=\"container\">\n\t\t\t\t<div class=\"elementor-element elementor-element-173f03a elementor-widget elementor-widget-heading\" data-id=\"173f03a\" data-element_type=\"widget\" data-widget_type=\"heading.default\">\n\t\t\t\t<div class=\"elementor-widget-container\">\n\t\t\t\t\t<h2 class=\"elementor-heading-title elementor-size-default\">Tem\nalguma\nperguntas? <\/h2>\t\t\t\t<\/div>\n\t\t\t\t<\/div>\n\t\t\t\t<\/div>\n\t\t<div class=\"elementor-element elementor-element-cc9f11e e-con-full e-flex wpr-particle-no wpr-jarallax-no wpr-parallax-no wpr-sticky-section-no e-con e-child\" data-id=\"cc9f11e\" data-element_type=\"container\">\n\t\t\t\t<div class=\"elementor-element elementor-element-c4934cd elementor-widget elementor-widget-text-editor\" data-id=\"c4934cd\" data-element_type=\"widget\" data-widget_type=\"text-editor.default\">\n\t\t\t\t<div class=\"elementor-widget-container\">\n\t\t\t\t\t\t\t\t\t<p>N\u00e3o hesite em contactar-me atrav\u00e9s deste formul\u00e1rio e siga-me nas redes sociais.&nbsp;<\/p>\t\t\t\t\t\t\t\t<\/div>\n\t\t\t\t<\/div>\n\t\t\t\t<\/div>\n\t\t\t\t\t<\/div>\n\t\t\t\t<\/div>\n\t\t<div class=\"elementor-element elementor-element-4581f99 e-flex e-con-boxed wpr-particle-no wpr-jarallax-no wpr-parallax-no wpr-sticky-section-no e-con e-parent\" data-id=\"4581f99\" data-element_type=\"container\">\n\t\t\t\t\t<div class=\"e-con-inner\">\n\t\t\t\t<div class=\"elementor-element elementor-element-c72d6ee elementor-widget elementor-widget-sina_contact_form\" data-id=\"c72d6ee\" data-element_type=\"widget\" data-widget_type=\"sina_contact_form.default\">\n\t\t\t\t<div class=\"elementor-widget-container\">\n\t\t\t\t\t\t\t<div class=\"sina-form\">\r\n\t\t\t<form class=\"sina-contact-form\"\r\n\t\t\tdata-uid=\"c72d6ee\"\r\n\t\t\tdata-from=\"coreondu@icloud.com\"\r\n\t\t\tdata-inbox=\"\"\r\n\t\t\tdata-captcha=\"yes\" action=\"\">\r\n\t\t\t\t\t\t\t\t\t<div class=\"sina-contact-input\">\r\n\t<div class=\"sina-contact-input-half\">\r\n\t\t<input class=\"sina-input-field sina-input-block sina-input-name\" type=\"text\" placeholder=\"nome\" >\r\n\t\t<input class=\"sina-input-field sina-input-block sina-input-email\" type=\"email\" placeholder=\"correio eletr\u00f3nico\" >\r\n\t\t<input class=\"sina-input-field sina-input-block sina-input-subject\" type=\"text\" placeholder=\"assunto\" >\r\n\t<\/div>\r\n\t<div class=\"sina-contact-input-half\">\r\n\t\t<textarea class=\"sina-input-field sina-input-block sina-input-message\" placeholder=\"mensagem\"><\/textarea>\r\n\t<\/div>\r\n<\/div>\r\n<div class=\"sina-contact-input\">\r\n\t<!-- For Google Recaptcha -->\r\n\t\t\t<div class=\"sina-google-recaptcha\">\r\n\t\t\t<div class=\"g-recaptcha\" data-sitekey=\"\"><\/div>\r\n\t\t<\/div>\r\n\t\r\n\t<button type=\"submit\" class=\"sina-button sina-contact-btn\">\r\n\t\t\t\tenviar\t\t\t<\/button>\r\n<\/div>\t\t\t\t\r\n\t\t\t\t<p class=\"sina-success-text\">Obrigado por nos contactar! Entraremos em contacto consigo o mais rapidamente poss\u00edvel.<\/p>\t\t\t\t<p class=\"sina-error-text\"><\/p>\r\n\t\t\t\t<p class=\"sina-process-text\">Processamento...<\/p>\r\n\r\n\t\t\t\t<input type=\"hidden\" id=\"sina_contact_noncec72d6ee\" name=\"sina_contact_noncec72d6ee\" value=\"a1dafa997c\" \/><input type=\"hidden\" name=\"_wp_http_referer\" value=\"\/pt\/wp-json\/wp\/v2\/pages\/625\" \/>\t\t\t<input\n                    class=\"apbct_special_field apbct_email_id__elementor_form\"\n                    name=\"apbct__email_id__elementor_form\"\n                    aria-label=\"apbct__label_id__elementor_form\"\n                    type=\"text\" size=\"30\" maxlength=\"200\" autocomplete=\"off\"\n                    value=\"\"\n                \/><input type=\"hidden\" name=\"trp-form-language\" value=\"pt\"\/><\/form><!-- .sina-contact-form -->\r\n\t\t<\/div><!-- .sina-form -->\r\n\t\t\t\t\t\t<\/div>\n\t\t\t\t<\/div>\n\t\t\t\t\t<\/div>\n\t\t\t\t<\/div>\n\t\t<div class=\"elementor-element elementor-element-f98dee8 e-flex e-con-boxed wpr-particle-no wpr-jarallax-no wpr-parallax-no wpr-sticky-section-no e-con e-parent\" data-id=\"f98dee8\" data-element_type=\"container\">\n\t\t\t\t\t<div class=\"e-con-inner\">\n\t\t\t\t<div class=\"elementor-element elementor-element-4769df7 elementor-widget elementor-widget-spacer\" data-id=\"4769df7\" data-element_type=\"widget\" data-widget_type=\"spacer.default\">\n\t\t\t\t<div class=\"elementor-widget-container\">\n\t\t\t\t\t\t\t<div class=\"elementor-spacer\">\n\t\t\t<div class=\"elementor-spacer-inner\"><\/div>\n\t\t<\/div>\n\t\t\t\t\t\t<\/div>\n\t\t\t\t<\/div>\n\t\t\t\t\t<\/div>\n\t\t\t\t<\/div>\n\t\t\t\t<\/div>","protected":false},"excerpt":{"rendered":"<p>contacto. \u00bfTienes alguna duda? No dudes en ponerte en contacto conmigo a trav\u00e9s de este formulario y seguirme en las redes sociales.&nbsp; enviar \u00a1Gracias por contactar! Te responderemos lo antes posible. Processing&#8230;<\/p>","protected":false},"author":1,"featured_media":0,"parent":0,"menu_order":0,"comment_status":"closed","ping_status":"closed","template":"","meta":{"footnotes":""},"class_list":["post-625","page","type-page","status-publish","hentry"],"yoast_head":"<!-- This site is optimized with the Yoast SEO plugin v27.1.1 - https:\/\/yoast.com\/product\/yoast-seo-wordpress\/ -->\n<title>contacto - Coreon Du<\/title>\n<meta name=\"robots\" content=\"index, follow, max-snippet:-1, max-image-preview:large, max-video-preview:-1\" \/>\n<link rel=\"canonical\" href=\"https:\/\/coreondu.world\/pt\/contacto\/\" \/>\n<meta property=\"og:locale\" content=\"pt_PT\" \/>\n<meta property=\"og:type\" content=\"article\" \/>\n<meta property=\"og:title\" content=\"contacto - Coreon Du\" \/>\n<meta property=\"og:description\" content=\"contacto. \u00bfTienes alguna duda? No dudes en ponerte en contacto conmigo a trav\u00e9s de este formulario y seguirme en las redes sociales.&nbsp; enviar \u00a1Gracias por contactar! Te responderemos lo antes posible. Processing&#8230;\" \/>\n<meta property=\"og:url\" content=\"https:\/\/coreondu.world\/pt\/contacto\/\" \/>\n<meta property=\"og:site_name\" content=\"Coreon Du\" \/>\n<meta property=\"article:publisher\" content=\"https:\/\/www.facebook.com\/CoreonDuOficial\/\" \/>\n<meta property=\"article:modified_time\" content=\"2025-02-27T10:38:07+00:00\" \/>\n<meta name=\"twitter:card\" content=\"summary_large_image\" \/>\n<meta name=\"twitter:label1\" content=\"Tempo estimado de leitura\" \/>\n\t<meta name=\"twitter:data1\" content=\"1 minuto\" \/>\n<script type=\"application\/ld+json\" class=\"yoast-schema-graph\">{\"@context\":\"https:\/\/schema.org\",\"@graph\":[{\"@type\":\"WebPage\",\"@id\":\"https:\/\/coreondu.world\/contacto\/\",\"url\":\"https:\/\/coreondu.world\/contacto\/\",\"name\":\"contacto - Coreon Du\",\"isPartOf\":{\"@id\":\"https:\/\/coreondu.world\/#website\"},\"datePublished\":\"2023-10-09T08:38:56+00:00\",\"dateModified\":\"2025-02-27T10:38:07+00:00\",\"breadcrumb\":{\"@id\":\"https:\/\/coreondu.world\/contacto\/#breadcrumb\"},\"inLanguage\":\"pt-PT\",\"potentialAction\":[{\"@type\":\"ReadAction\",\"target\":[\"https:\/\/coreondu.world\/contacto\/\"]}]},{\"@type\":\"BreadcrumbList\",\"@id\":\"https:\/\/coreondu.world\/contacto\/#breadcrumb\",\"itemListElement\":[{\"@type\":\"ListItem\",\"position\":1,\"name\":\"Portada\",\"item\":\"https:\/\/coreondu.world\/\"},{\"@type\":\"ListItem\",\"position\":2,\"name\":\"contacto\"}]},{\"@type\":\"WebSite\",\"@id\":\"https:\/\/coreondu.world\/#website\",\"url\":\"https:\/\/coreondu.world\/\",\"name\":\"Cor\u00e9on D\u00fa\",\"description\":\"\",\"potentialAction\":[{\"@type\":\"SearchAction\",\"target\":{\"@type\":\"EntryPoint\",\"urlTemplate\":\"https:\/\/coreondu.world\/?s={search_term_string}\"},\"query-input\":{\"@type\":\"PropertyValueSpecification\",\"valueRequired\":true,\"valueName\":\"search_term_string\"}}],\"inLanguage\":\"pt-PT\"}]}<\/script>\n<!-- \/ Yoast SEO plugin. -->","yoast_head_json":{"title":"contacto - Coreon Du","robots":{"index":"index","follow":"follow","max-snippet":"max-snippet:-1","max-image-preview":"max-image-preview:large","max-video-preview":"max-video-preview:-1"},"canonical":"https:\/\/coreondu.world\/pt\/contacto\/","og_locale":"pt_PT","og_type":"article","og_title":"contacto - Coreon Du","og_description":"contacto. \u00bfTienes alguna duda? No dudes en ponerte en contacto conmigo a trav\u00e9s de este formulario y seguirme en las redes sociales.&nbsp; enviar \u00a1Gracias por contactar! Te responderemos lo antes posible. Processing&#8230;","og_url":"https:\/\/coreondu.world\/pt\/contacto\/","og_site_name":"Coreon Du","article_publisher":"https:\/\/www.facebook.com\/CoreonDuOficial\/","article_modified_time":"2025-02-27T10:38:07+00:00","twitter_card":"summary_large_image","twitter_misc":{"Tempo estimado de leitura":"1 minuto"},"schema":{"@context":"https:\/\/schema.org","@graph":[{"@type":"WebPage","@id":"https:\/\/coreondu.world\/contacto\/","url":"https:\/\/coreondu.world\/contacto\/","name":"contacto - Coreon Du","isPartOf":{"@id":"https:\/\/coreondu.world\/#website"},"datePublished":"2023-10-09T08:38:56+00:00","dateModified":"2025-02-27T10:38:07+00:00","breadcrumb":{"@id":"https:\/\/coreondu.world\/contacto\/#breadcrumb"},"inLanguage":"pt-PT","potentialAction":[{"@type":"ReadAction","target":["https:\/\/coreondu.world\/contacto\/"]}]},{"@type":"BreadcrumbList","@id":"https:\/\/coreondu.world\/contacto\/#breadcrumb","itemListElement":[{"@type":"ListItem","position":1,"name":"Portada","item":"https:\/\/coreondu.world\/"},{"@type":"ListItem","position":2,"name":"contacto"}]},{"@type":"WebSite","@id":"https:\/\/coreondu.world\/#website","url":"https:\/\/coreondu.world\/","name":"Cor\u00e9on D\u00fa","description":"","potentialAction":[{"@type":"SearchAction","target":{"@type":"EntryPoint","urlTemplate":"https:\/\/coreondu.world\/?s={search_term_string}"},"query-input":{"@type":"PropertyValueSpecification","valueRequired":true,"valueName":"search_term_string"}}],"inLanguage":"pt-PT"}]}},"_links":{"self":[{"href":"https:\/\/coreondu.world\/pt\/wp-json\/wp\/v2\/pages\/625","targetHints":{"allow":["GET"]}}],"collection":[{"href":"https:\/\/coreondu.world\/pt\/wp-json\/wp\/v2\/pages"}],"about":[{"href":"https:\/\/coreondu.world\/pt\/wp-json\/wp\/v2\/types\/page"}],"author":[{"embeddable":true,"href":"https:\/\/coreondu.world\/pt\/wp-json\/wp\/v2\/users\/1"}],"replies":[{"embeddable":true,"href":"https:\/\/coreondu.world\/pt\/wp-json\/wp\/v2\/comments?post=625"}],"version-history":[{"count":0,"href":"https:\/\/coreondu.world\/pt\/wp-json\/wp\/v2\/pages\/625\/revisions"}],"wp:attachment":[{"href":"https:\/\/coreondu.world\/pt\/wp-json\/wp\/v2\/media?parent=625"}],"curies":[{"name":"wp","href":"https:\/\/api.w.org\/{rel}","templated":true}]}}