{"id":34,"date":"2023-09-27T11:06:05","date_gmt":"2023-09-27T09:06:05","guid":{"rendered":"https:\/\/coreondu.world\/?page_id=34"},"modified":"2025-02-26T09:24:48","modified_gmt":"2025-02-26T08:24:48","slug":"noticias","status":"publish","type":"page","link":"https:\/\/coreondu.world\/pt\/noticias\/","title":{"rendered":"Not\u00edcias"},"content":{"rendered":"<div data-elementor-type=\"wp-page\" data-elementor-id=\"34\" class=\"elementor elementor-34\" data-elementor-post-type=\"page\">\n\t\t\t\t<div class=\"elementor-element elementor-element-60960f6 e-flex e-con-boxed wpr-particle-no wpr-jarallax-no wpr-parallax-no wpr-sticky-section-no e-con e-parent\" data-id=\"60960f6\" data-element_type=\"container\" data-settings=\"{&quot;background_background&quot;:&quot;classic&quot;}\">\n\t\t\t\t\t<div class=\"e-con-inner\">\n\t\t\t\t<div class=\"elementor-element elementor-element-e331b67 elementor-widget elementor-widget-heading\" data-id=\"e331b67\" data-element_type=\"widget\" data-widget_type=\"heading.default\">\n\t\t\t\t<div class=\"elementor-widget-container\">\n\t\t\t\t\t<h2 class=\"elementor-heading-title elementor-size-default\">it's happening<span style=\"color:#FF4E00\">.<\/span><\/h2>\t\t\t\t<\/div>\n\t\t\t\t<\/div>\n\t\t\t\t\t<\/div>\n\t\t\t\t<\/div>\n\t\t\t\t<section class=\"elementor-section elementor-top-section elementor-element elementor-element-0ebfaee elementor-section-boxed elementor-section-height-default elementor-section-height-default wpr-particle-no wpr-jarallax-no wpr-parallax-no wpr-sticky-section-no\" data-id=\"0ebfaee\" data-element_type=\"section\">\n\t\t\t\t\t\t<div class=\"elementor-container elementor-column-gap-default\">\n\t\t\t\t\t<div class=\"elementor-column elementor-col-100 elementor-top-column elementor-element elementor-element-3d74321\" data-id=\"3d74321\" data-element_type=\"column\">\n\t\t\t<div class=\"elementor-widget-wrap elementor-element-populated\">\n\t\t\t\t\t\t<div class=\"elementor-element elementor-element-aca2873 wpr-grid-columns-3 wpr-grid-columns--tablet2 wpr-grid-columns--mobile1 wpr-grid-pagination-center wpr-item-styles-inner elementor-widget elementor-widget-wpr-grid\" data-id=\"aca2873\" data-element_type=\"widget\" data-widget_type=\"wpr-grid.default\">\n\t\t\t\t<div class=\"elementor-widget-container\">\n\t\t\t\t\t<ul class=\"wpr-grid-filters elementor-clearfix wpr-grid-filters-sep-right\"><li class=\"wpr-pointer-none wpr-pointer-line-fx wpr-pointer-fx-none\"><span  data-filter=\"*\" class=\"wpr-grid-filters-item wpr-active-filter\">todos<\/span><em class=\"wpr-grid-filters-sep\"><\/em><\/li><li class=\"wpr-pointer-none wpr-pointer-line-fx wpr-pointer-fx-none\"><span   data-ajax-filter=\"[\"category\",\"i-du\"]\" data-filter=\".category-i-du\">i d\u00fa<\/span><em class=\"wpr-grid-filters-sep\"><\/em><\/li><li class=\"wpr-pointer-none wpr-pointer-line-fx wpr-pointer-fx-none\"><span   data-ajax-filter=\"[\"category\",\"we-du\"]\" data-filter=\".category-we-du\">we d\u00fa<\/span><em class=\"wpr-grid-filters-sep\"><\/em><\/li><\/ul><section class=\"wpr-grid elementor-clearfix\" data-settings=\"{&quot;layout&quot;:&quot;fitRows&quot;,&quot;stick_last_element_to_bottom&quot;:&quot;yes&quot;,&quot;columns_desktop&quot;:&quot;3&quot;,&quot;gutter_hr&quot;:24,&quot;gutter_hr_mobile&quot;:30,&quot;gutter_hr_mobile_extra&quot;:30,&quot;gutter_hr_tablet&quot;:30,&quot;gutter_hr_tablet_extra&quot;:24,&quot;gutter_hr_laptop&quot;:24,&quot;gutter_hr_widescreen&quot;:24,&quot;gutter_vr&quot;:28,&quot;gutter_vr_mobile&quot;:28,&quot;gutter_vr_mobile_extra&quot;:28,&quot;gutter_vr_tablet&quot;:28,&quot;gutter_vr_tablet_extra&quot;:28,&quot;gutter_vr_laptop&quot;:28,&quot;gutter_vr_widescreen&quot;:28,&quot;animation&quot;:&quot;default&quot;,&quot;animation_duration&quot;:0.3,&quot;animation_delay&quot;:0.1,&quot;deeplinking&quot;:&quot;&quot;,&quot;filters_linkable&quot;:&quot;no&quot;,&quot;filters_default_filter&quot;:&quot;&quot;,&quot;filters_count&quot;:&quot;&quot;,&quot;filters_hide_empty&quot;:&quot;no&quot;,&quot;filters_animation&quot;:&quot;default&quot;,&quot;filters_animation_duration&quot;:0.3,&quot;filters_animation_delay&quot;:0.1,&quot;pagination_type&quot;:&quot;load-more&quot;,&quot;pagination_max_pages&quot;:6,&quot;lightbox&quot;:{&quot;selector&quot;:&quot;.wpr-grid-image-wrap&quot;,&quot;iframeMaxWidth&quot;:&quot;60%&quot;,&quot;hash&quot;:false,&quot;autoplay&quot;:&quot;true&quot;,&quot;pause&quot;:5000,&quot;progressBar&quot;:&quot;true&quot;,&quot;counter&quot;:&quot;true&quot;,&quot;controls&quot;:&quot;true&quot;,&quot;getCaptionFromTitleOrAlt&quot;:&quot;true&quot;,&quot;thumbnail&quot;:&quot;&quot;,&quot;showThumbByDefault&quot;:&quot;&quot;,&quot;share&quot;:&quot;&quot;,&quot;zoom&quot;:&quot;true&quot;,&quot;fullScreen&quot;:&quot;true&quot;,&quot;download&quot;:&quot;true&quot;}}\"><article class=\"wpr-grid-item elementor-clearfix post-1580 post type-post status-publish format-standard has-post-thumbnail hentry category-i-du category-its-happening category-we-du\"><div class=\"wpr-grid-item-inner\"><div class=\"wpr-grid-media-wrap wpr-effect-size-medium\" data-overlay-link=\"yes\"><div class=\"wpr-grid-image-wrap\" data-src=\"https:\/\/coreondu.world\/wp-content\/uploads\/2026\/03\/Diseno-sin-titulo-4-768x768.png\" data-img-on-hover=\"\"  data-src-secondary=\"\"><img decoding=\"async\" data-no-lazy=\"1\" src=\"https:\/\/coreondu.world\/wp-content\/uploads\/2026\/03\/Diseno-sin-titulo-4-768x768.png\" alt=\"Nuevo episodio de The Revolution Will Be Televised: Cor\u00e9on D\u00fa conversa con Kaysha\" class=\"wpr-anim-timing-ease-default\"><\/div><div class=\"wpr-grid-media-hover wpr-animation-wrap\"><div class=\"wpr-grid-media-hover-bg  wpr-overlay-fade-in wpr-anim-size-large wpr-anim-timing-ease-default wpr-anim-transparency\" data-url=\"https:\/\/coreondu.world\/pt\/nuevo-episodio-de-the-revolution-will-be-televised-coreon-duconversa-con-kaysha\/\"><\/div><\/div><\/div><div class=\"wpr-grid-item-below-content elementor-clearfix\"><h2 class=\"wpr-grid-item-title elementor-repeater-item-d3e1031 wpr-grid-item-display-block wpr-grid-item-align-left wpr-pointer-none wpr-pointer-line-fx wpr-pointer-fx-fade\"><div class=\"inner-block\"><a target=\"_self\"  href=\"https:\/\/coreondu.world\/pt\/nuevo-episodio-de-the-revolution-will-be-televised-coreon-duconversa-con-kaysha\/\">Novo epis\u00f3dio de The Revolution Will Be Televised: Cor\u00e9on D\u00fa fala com Kaysha<\/a><\/div><\/h2><div class=\"wpr-grid-item-date elementor-repeater-item-08c5ad7 wpr-grid-item-display-inline wpr-grid-item-align-left\"><div class=\"inner-block\"><span>30 de Mar\u00e7o de 2026<span class=\"wpr-grid-extra-text-right\"><\/span><\/span><\/div><\/div><div class=\"wpr-grid-item-read-more elementor-repeater-item-f476104 wpr-grid-item-display-custom wpr-grid-item-align-left\"><div class=\"inner-block\"><a target=\"_self\" href=\"https:\/\/coreondu.world\/pt\/nuevo-episodio-de-the-revolution-will-be-televised-coreon-duconversa-con-kaysha\/\" class=\"wpr-button-effect wpr-button-none\"><span>Ler mais<\/span><\/a><\/div><\/div><\/div><\/div><\/article><article class=\"wpr-grid-item elementor-clearfix post-1573 post type-post status-publish format-standard has-post-thumbnail hentry category-i-du category-its-happening category-we-du\"><div class=\"wpr-grid-item-inner\"><div class=\"wpr-grid-media-wrap wpr-effect-size-medium\" data-overlay-link=\"yes\"><div class=\"wpr-grid-image-wrap\" data-src=\"https:\/\/coreondu.world\/wp-content\/uploads\/2026\/03\/undefined-3-768x768.png\" data-img-on-hover=\"\"  data-src-secondary=\"\"><img decoding=\"async\" data-no-lazy=\"1\" src=\"https:\/\/coreondu.world\/wp-content\/uploads\/2026\/03\/undefined-3-768x768.png\" alt=\"Da Banda Model Management se posiciona en las grandes citas de moda Oto\u00f1o-Invierno 2026\" class=\"wpr-anim-timing-ease-default\"><\/div><div class=\"wpr-grid-media-hover wpr-animation-wrap\"><div class=\"wpr-grid-media-hover-bg  wpr-overlay-fade-in wpr-anim-size-large wpr-anim-timing-ease-default wpr-anim-transparency\" data-url=\"https:\/\/coreondu.world\/pt\/da-banda-model-management-se-posiciona-en-las-grandes-citas-de-moda-otono-invierno-2026\/\"><\/div><\/div><\/div><div class=\"wpr-grid-item-below-content elementor-clearfix\"><h2 class=\"wpr-grid-item-title elementor-repeater-item-d3e1031 wpr-grid-item-display-block wpr-grid-item-align-left wpr-pointer-none wpr-pointer-line-fx wpr-pointer-fx-fade\"><div class=\"inner-block\"><a target=\"_self\"  href=\"https:\/\/coreondu.world\/pt\/da-banda-model-management-se-posiciona-en-las-grandes-citas-de-moda-otono-invierno-2026\/\">Da Banda Model Management posiciona-se nos principais eventos de moda outono-inverno 2026<\/a><\/div><\/h2><div class=\"wpr-grid-item-date elementor-repeater-item-08c5ad7 wpr-grid-item-display-inline wpr-grid-item-align-left\"><div class=\"inner-block\"><span>19 de mar\u00e7o de 2026<span class=\"wpr-grid-extra-text-right\"><\/span><\/span><\/div><\/div><div class=\"wpr-grid-item-read-more elementor-repeater-item-f476104 wpr-grid-item-display-custom wpr-grid-item-align-left\"><div class=\"inner-block\"><a target=\"_self\" href=\"https:\/\/coreondu.world\/pt\/da-banda-model-management-se-posiciona-en-las-grandes-citas-de-moda-otono-invierno-2026\/\" class=\"wpr-button-effect wpr-button-none\"><span>Ler mais<\/span><\/a><\/div><\/div><\/div><\/div><\/article><article class=\"wpr-grid-item elementor-clearfix post-1565 post type-post status-publish format-standard has-post-thumbnail hentry category-i-du category-its-happening category-we-du\"><div class=\"wpr-grid-item-inner\"><div class=\"wpr-grid-media-wrap wpr-effect-size-medium\" data-overlay-link=\"yes\"><div class=\"wpr-grid-image-wrap\" data-src=\"https:\/\/coreondu.world\/wp-content\/uploads\/2026\/03\/Diseno-sin-titulo-3-768x764.jpg\" data-img-on-hover=\"\"  data-src-secondary=\"\"><img decoding=\"async\" data-no-lazy=\"1\" src=\"https:\/\/coreondu.world\/wp-content\/uploads\/2026\/03\/Diseno-sin-titulo-3-768x764.jpg\" alt=\"Dise\u00f1o sin t\u00edtulo - 1\" class=\"wpr-anim-timing-ease-default\"><\/div><div class=\"wpr-grid-media-hover wpr-animation-wrap\"><div class=\"wpr-grid-media-hover-bg  wpr-overlay-fade-in wpr-anim-size-large wpr-anim-timing-ease-default wpr-anim-transparency\" data-url=\"https:\/\/coreondu.world\/pt\/coreon-du-estrena-su-nuevo-podcast-the-revolution-will-be-televised-con-carlos-coelho-como-primer-invitado\/\"><\/div><\/div><\/div><div class=\"wpr-grid-item-below-content elementor-clearfix\"><h2 class=\"wpr-grid-item-title elementor-repeater-item-d3e1031 wpr-grid-item-display-block wpr-grid-item-align-left wpr-pointer-none wpr-pointer-line-fx wpr-pointer-fx-fade\"><div class=\"inner-block\"><a target=\"_self\"  href=\"https:\/\/coreondu.world\/pt\/coreon-du-estrena-su-nuevo-podcast-the-revolution-will-be-televised-con-carlos-coelho-como-primer-invitado\/\">Cor\u00e9on D\u00fa estreia o seu novo podcast \"The Revolution Will Be Televised\" com Carlos Coelho como primeiro convidado<\/a><\/div><\/h2><div class=\"wpr-grid-item-date elementor-repeater-item-08c5ad7 wpr-grid-item-display-inline wpr-grid-item-align-left\"><div class=\"inner-block\"><span>17 de mar\u00e7o de 2026<span class=\"wpr-grid-extra-text-right\"><\/span><\/span><\/div><\/div><div class=\"wpr-grid-item-read-more elementor-repeater-item-f476104 wpr-grid-item-display-custom wpr-grid-item-align-left\"><div class=\"inner-block\"><a target=\"_self\" href=\"https:\/\/coreondu.world\/pt\/coreon-du-estrena-su-nuevo-podcast-the-revolution-will-be-televised-con-carlos-coelho-como-primer-invitado\/\" class=\"wpr-button-effect wpr-button-none\"><span>Ler mais<\/span><\/a><\/div><\/div><\/div><\/div><\/article><article class=\"wpr-grid-item elementor-clearfix post-1560 post type-post status-publish format-standard has-post-thumbnail hentry category-i-du category-we-du tag-africa tag-cine tag-creatividad tag-musica\"><div class=\"wpr-grid-item-inner\"><div class=\"wpr-grid-media-wrap wpr-effect-size-medium\" data-overlay-link=\"yes\"><div class=\"wpr-grid-image-wrap\" data-src=\"https:\/\/coreondu.world\/wp-content\/uploads\/2025\/12\/imagen-1-e1766050523841.jpg\" data-img-on-hover=\"\"  data-src-secondary=\"\"><img decoding=\"async\" data-no-lazy=\"1\" src=\"https:\/\/coreondu.world\/wp-content\/uploads\/2025\/12\/imagen-1-e1766050523841.jpg\" alt=\"Cor\u00e9on Du presenta &#8216;As Ca\u00e7adoras Seriais&#8217; en la 13\u00ba edici\u00f3n del Festival Internacional de Cortometrajes de Bras\u00edlia\" class=\"wpr-anim-timing-ease-default\"><\/div><div class=\"wpr-grid-media-hover wpr-animation-wrap\"><div class=\"wpr-grid-media-hover-bg  wpr-overlay-fade-in wpr-anim-size-large wpr-anim-timing-ease-default wpr-anim-transparency\" data-url=\"https:\/\/coreondu.world\/pt\/coreon-du-presenta-as-cacadoras-seriais-en-la-13o-edicion-del-festival-internacional-de-cortometrajes-de-brasilia\/\"><\/div><\/div><\/div><div class=\"wpr-grid-item-below-content elementor-clearfix\"><h2 class=\"wpr-grid-item-title elementor-repeater-item-d3e1031 wpr-grid-item-display-block wpr-grid-item-align-left wpr-pointer-none wpr-pointer-line-fx wpr-pointer-fx-fade\"><div class=\"inner-block\"><a target=\"_self\"  href=\"https:\/\/coreondu.world\/pt\/coreon-du-presenta-as-cacadoras-seriais-en-la-13o-edicion-del-festival-internacional-de-cortometrajes-de-brasilia\/\">Cor\u00e9on Du apresenta 'As Ca\u00e7adoras Seriais' na 13\u00aa edi\u00e7\u00e3o do Festival Internacional de Curtas-Metragens de Bras\u00edlia<\/a><\/div><\/h2><div class=\"wpr-grid-item-date elementor-repeater-item-08c5ad7 wpr-grid-item-display-inline wpr-grid-item-align-left\"><div class=\"inner-block\"><span>12 de dezembro de 2025<span class=\"wpr-grid-extra-text-right\"><\/span><\/span><\/div><\/div><div class=\"wpr-grid-item-read-more elementor-repeater-item-f476104 wpr-grid-item-display-custom wpr-grid-item-align-left\"><div class=\"inner-block\"><a target=\"_self\" href=\"https:\/\/coreondu.world\/pt\/coreon-du-presenta-as-cacadoras-seriais-en-la-13o-edicion-del-festival-internacional-de-cortometrajes-de-brasilia\/\" class=\"wpr-button-effect wpr-button-none\"><span>Ler mais<\/span><\/a><\/div><\/div><\/div><\/div><\/article><article class=\"wpr-grid-item elementor-clearfix post-1536 post type-post status-publish format-standard has-post-thumbnail hentry category-we-du tag-africa tag-cine tag-creatividad tag-moda tag-modelaje tag-musica tag-produccion\"><div class=\"wpr-grid-item-inner\"><div class=\"wpr-grid-media-wrap wpr-effect-size-medium\" data-overlay-link=\"yes\"><div class=\"wpr-grid-image-wrap\" data-src=\"https:\/\/coreondu.world\/wp-content\/uploads\/2025\/11\/ChatGPT-Image-27-nov-2025-10_42_29-768x768.png\" data-img-on-hover=\"\"  data-src-secondary=\"\"><img decoding=\"async\" data-no-lazy=\"1\" src=\"https:\/\/coreondu.world\/wp-content\/uploads\/2025\/11\/ChatGPT-Image-27-nov-2025-10_42_29-768x768.png\" alt=\"London Fashion Film Festival 2025 reconoce la visi\u00f3n creativa de Cor\u00e9on D\u00fa con la selecci\u00f3n de \u201cAfrican Beauty\u201d\" class=\"wpr-anim-timing-ease-default\"><\/div><div class=\"wpr-grid-media-hover wpr-animation-wrap\"><div class=\"wpr-grid-media-hover-bg  wpr-overlay-fade-in wpr-anim-size-large wpr-anim-timing-ease-default wpr-anim-transparency\" data-url=\"https:\/\/coreondu.world\/pt\/london-fashion-film-festival-2025-reconoce-la-vision-creativa-de-coreon-du-con-la-seleccion-de-african-beauty\/\"><\/div><\/div><\/div><div class=\"wpr-grid-item-below-content elementor-clearfix\"><h2 class=\"wpr-grid-item-title elementor-repeater-item-d3e1031 wpr-grid-item-display-block wpr-grid-item-align-left wpr-pointer-none wpr-pointer-line-fx wpr-pointer-fx-fade\"><div class=\"inner-block\"><a target=\"_self\"  href=\"https:\/\/coreondu.world\/pt\/london-fashion-film-festival-2025-reconoce-la-vision-creativa-de-coreon-du-con-la-seleccion-de-african-beauty\/\">O London Fashion Film Festival 2025 reconhece a vis\u00e3o criativa de Cor\u00e9on D\u00fa com a sele\u00e7\u00e3o de \"African Beauty\".<\/a><\/div><\/h2><div class=\"wpr-grid-item-date elementor-repeater-item-08c5ad7 wpr-grid-item-display-inline wpr-grid-item-align-left\"><div class=\"inner-block\"><span>27 de novembro de 2025<span class=\"wpr-grid-extra-text-right\"><\/span><\/span><\/div><\/div><div class=\"wpr-grid-item-read-more elementor-repeater-item-f476104 wpr-grid-item-display-custom wpr-grid-item-align-left\"><div class=\"inner-block\"><a target=\"_self\" href=\"https:\/\/coreondu.world\/pt\/london-fashion-film-festival-2025-reconoce-la-vision-creativa-de-coreon-du-con-la-seleccion-de-african-beauty\/\" class=\"wpr-button-effect wpr-button-none\"><span>Ler mais<\/span><\/a><\/div><\/div><\/div><\/div><\/article><article class=\"wpr-grid-item elementor-clearfix post-1533 post type-post status-publish format-standard has-post-thumbnail hentry category-we-du tag-africa tag-creatividad tag-musica tag-produccion\"><div class=\"wpr-grid-item-inner\"><div class=\"wpr-grid-media-wrap wpr-effect-size-medium\" data-overlay-link=\"yes\"><div class=\"wpr-grid-image-wrap\" data-src=\"https:\/\/coreondu.world\/wp-content\/uploads\/2025\/11\/Diseno-sin-titulo-1-e1766050659736.jpg\" data-img-on-hover=\"\"  data-src-secondary=\"\"><img decoding=\"async\" data-no-lazy=\"1\" src=\"https:\/\/coreondu.world\/wp-content\/uploads\/2025\/11\/Diseno-sin-titulo-1-e1766050659736.jpg\" alt=\"Dise\u00f1o sin t\u00edtulo - 1\" class=\"wpr-anim-timing-ease-default\"><\/div><div class=\"wpr-grid-media-hover wpr-animation-wrap\"><div class=\"wpr-grid-media-hover-bg  wpr-overlay-fade-in wpr-anim-size-large wpr-anim-timing-ease-default wpr-anim-transparency\" data-url=\"https:\/\/coreondu.world\/pt\/coreon-du-visita-jamz-supernovas-global-sounds-en-bbc-radio-6-para-hablar-sobre-kuduro\/\"><\/div><\/div><\/div><div class=\"wpr-grid-item-below-content elementor-clearfix\"><h2 class=\"wpr-grid-item-title elementor-repeater-item-d3e1031 wpr-grid-item-display-block wpr-grid-item-align-left wpr-pointer-none wpr-pointer-line-fx wpr-pointer-fx-fade\"><div class=\"inner-block\"><a target=\"_self\"  href=\"https:\/\/coreondu.world\/pt\/coreon-du-visita-jamz-supernovas-global-sounds-en-bbc-radio-6-para-hablar-sobre-kuduro\/\">Cor\u00e9on D\u00fa visita o programa Global Sounds do Jamz Supernova na BBC Radio 6 para falar sobre o Kuduro<\/a><\/div><\/h2><div class=\"wpr-grid-item-date elementor-repeater-item-08c5ad7 wpr-grid-item-display-inline wpr-grid-item-align-left\"><div class=\"inner-block\"><span>25 de novembro de 2025<span class=\"wpr-grid-extra-text-right\"><\/span><\/span><\/div><\/div><div class=\"wpr-grid-item-read-more elementor-repeater-item-f476104 wpr-grid-item-display-custom wpr-grid-item-align-left\"><div class=\"inner-block\"><a target=\"_self\" href=\"https:\/\/coreondu.world\/pt\/coreon-du-visita-jamz-supernovas-global-sounds-en-bbc-radio-6-para-hablar-sobre-kuduro\/\" class=\"wpr-button-effect wpr-button-none\"><span>Ler mais<\/span><\/a><\/div><\/div><\/div><\/div><\/article><\/section><div class=\"wpr-grid-pagination elementor-clearfix wpr-grid-pagination-load-more\"><a href=\"https:\/\/coreondu.world\/pt\/wp-json\/wp\/v2\/pages\/34\/page\/2\/\" class=\"wpr-load-more-btn\" data-e-disable-page-transition>Ver mais<\/a><div class=\"wpr-pagination-loading\"><div class=\"wpr-double-bounce\"><div class=\"wpr-child wpr-double-bounce1\"><\/div><div class=\"wpr-child wpr-double-bounce2\"><\/div><\/div><\/div><p class=\"wpr-pagination-finish\"><\/p><\/div>\t\t\t\t<\/div>\n\t\t\t\t<\/div>\n\t\t\t\t\t<\/div>\n\t\t<\/div>\n\t\t\t\t\t<\/div>\n\t\t<\/section>\n\t\t\t\t<\/div>","protected":false},"excerpt":{"rendered":"<p>it&#8217;s happening. todo i d\u00fa we d\u00fa \u00bfTe acuerdas de \u00abWindeck\u00bb? La precuela de la telenovela de RTP ya se ha estrenado 22 de marzo de 2024Leer m\u00e1s \u00bfPor qu\u00e9 la confianza en uno mismo es importante en el mundo del modelaje? 20 de febrero de 2024Leer m\u00e1s La salud mental masculina 19 de noviembre de 2023Leer m\u00e1s Consejos para aquellos que quieren entrar en la industria del modelaje 19 de octubre de 2023Leer m\u00e1s<\/p>","protected":false},"author":1,"featured_media":0,"parent":0,"menu_order":0,"comment_status":"closed","ping_status":"closed","template":"elementor_theme","meta":{"footnotes":""},"class_list":["post-34","page","type-page","status-publish","hentry"],"yoast_head":"<!-- This site is optimized with the Yoast SEO plugin v27.1.1 - https:\/\/yoast.com\/product\/yoast-seo-wordpress\/ -->\n<title>Noticias - Coreon Du<\/title>\n<meta name=\"robots\" content=\"index, follow, max-snippet:-1, max-image-preview:large, max-video-preview:-1\" \/>\n<link rel=\"canonical\" href=\"https:\/\/coreondu.world\/pt\/noticias\/\" \/>\n<meta property=\"og:locale\" content=\"pt_PT\" \/>\n<meta property=\"og:type\" content=\"article\" \/>\n<meta property=\"og:title\" content=\"Noticias - Coreon Du\" \/>\n<meta property=\"og:description\" content=\"it&#8217;s happening. todo i d\u00fa we d\u00fa \u00bfTe acuerdas de \u00abWindeck\u00bb? La precuela de la telenovela de RTP ya se ha estrenado 22 de marzo de 2024Leer m\u00e1s \u00bfPor qu\u00e9 la confianza en uno mismo es importante en el mundo del modelaje? 20 de febrero de 2024Leer m\u00e1s La salud mental masculina 19 de noviembre de 2023Leer m\u00e1s Consejos para aquellos que quieren entrar en la industria del modelaje 19 de octubre de 2023Leer m\u00e1s\" \/>\n<meta property=\"og:url\" content=\"https:\/\/coreondu.world\/pt\/noticias\/\" \/>\n<meta property=\"og:site_name\" content=\"Coreon Du\" \/>\n<meta property=\"article:publisher\" content=\"https:\/\/www.facebook.com\/CoreonDuOficial\/\" \/>\n<meta property=\"article:modified_time\" content=\"2025-02-26T08:24:48+00:00\" \/>\n<meta property=\"og:image\" content=\"https:\/\/coreondu.world\/wp-content\/uploads\/2024\/03\/Windeck-1.jpg\" \/>\n<meta name=\"twitter:card\" content=\"summary_large_image\" \/>\n<meta name=\"twitter:label1\" content=\"Tempo estimado de leitura\" \/>\n\t<meta name=\"twitter:data1\" content=\"2 minutos\" \/>\n<script type=\"application\/ld+json\" class=\"yoast-schema-graph\">{\"@context\":\"https:\/\/schema.org\",\"@graph\":[{\"@type\":\"WebPage\",\"@id\":\"https:\/\/coreondu.world\/noticias\/\",\"url\":\"https:\/\/coreondu.world\/noticias\/\",\"name\":\"Noticias - Coreon Du\",\"isPartOf\":{\"@id\":\"https:\/\/coreondu.world\/#website\"},\"primaryImageOfPage\":{\"@id\":\"https:\/\/coreondu.world\/noticias\/#primaryimage\"},\"image\":{\"@id\":\"https:\/\/coreondu.world\/noticias\/#primaryimage\"},\"thumbnailUrl\":\"https:\/\/coreondu.world\/wp-content\/uploads\/2024\/03\/Windeck-1.jpg\",\"datePublished\":\"2023-09-27T09:06:05+00:00\",\"dateModified\":\"2025-02-26T08:24:48+00:00\",\"breadcrumb\":{\"@id\":\"https:\/\/coreondu.world\/noticias\/#breadcrumb\"},\"inLanguage\":\"pt-PT\",\"potentialAction\":[{\"@type\":\"ReadAction\",\"target\":[\"https:\/\/coreondu.world\/noticias\/\"]}]},{\"@type\":\"ImageObject\",\"inLanguage\":\"pt-PT\",\"@id\":\"https:\/\/coreondu.world\/noticias\/#primaryimage\",\"url\":\"https:\/\/coreondu.world\/wp-content\/uploads\/2024\/03\/Windeck-1.jpg\",\"contentUrl\":\"https:\/\/coreondu.world\/wp-content\/uploads\/2024\/03\/Windeck-1.jpg\"},{\"@type\":\"BreadcrumbList\",\"@id\":\"https:\/\/coreondu.world\/noticias\/#breadcrumb\",\"itemListElement\":[{\"@type\":\"ListItem\",\"position\":1,\"name\":\"Portada\",\"item\":\"https:\/\/coreondu.world\/\"},{\"@type\":\"ListItem\",\"position\":2,\"name\":\"Noticias\"}]},{\"@type\":\"WebSite\",\"@id\":\"https:\/\/coreondu.world\/#website\",\"url\":\"https:\/\/coreondu.world\/\",\"name\":\"Cor\u00e9on D\u00fa\",\"description\":\"\",\"potentialAction\":[{\"@type\":\"SearchAction\",\"target\":{\"@type\":\"EntryPoint\",\"urlTemplate\":\"https:\/\/coreondu.world\/?s={search_term_string}\"},\"query-input\":{\"@type\":\"PropertyValueSpecification\",\"valueRequired\":true,\"valueName\":\"search_term_string\"}}],\"inLanguage\":\"pt-PT\"}]}<\/script>\n<!-- \/ Yoast SEO plugin. -->","yoast_head_json":{"title":"Noticias - Coreon Du","robots":{"index":"index","follow":"follow","max-snippet":"max-snippet:-1","max-image-preview":"max-image-preview:large","max-video-preview":"max-video-preview:-1"},"canonical":"https:\/\/coreondu.world\/pt\/noticias\/","og_locale":"pt_PT","og_type":"article","og_title":"Noticias - Coreon Du","og_description":"it&#8217;s happening. todo i d\u00fa we d\u00fa \u00bfTe acuerdas de \u00abWindeck\u00bb? La precuela de la telenovela de RTP ya se ha estrenado 22 de marzo de 2024Leer m\u00e1s \u00bfPor qu\u00e9 la confianza en uno mismo es importante en el mundo del modelaje? 20 de febrero de 2024Leer m\u00e1s La salud mental masculina 19 de noviembre de 2023Leer m\u00e1s Consejos para aquellos que quieren entrar en la industria del modelaje 19 de octubre de 2023Leer m\u00e1s","og_url":"https:\/\/coreondu.world\/pt\/noticias\/","og_site_name":"Coreon Du","article_publisher":"https:\/\/www.facebook.com\/CoreonDuOficial\/","article_modified_time":"2025-02-26T08:24:48+00:00","og_image":[{"url":"https:\/\/coreondu.world\/wp-content\/uploads\/2024\/03\/Windeck-1.jpg","type":"","width":"","height":""}],"twitter_card":"summary_large_image","twitter_misc":{"Tempo estimado de leitura":"2 minutos"},"schema":{"@context":"https:\/\/schema.org","@graph":[{"@type":"WebPage","@id":"https:\/\/coreondu.world\/noticias\/","url":"https:\/\/coreondu.world\/noticias\/","name":"Noticias - Coreon Du","isPartOf":{"@id":"https:\/\/coreondu.world\/#website"},"primaryImageOfPage":{"@id":"https:\/\/coreondu.world\/noticias\/#primaryimage"},"image":{"@id":"https:\/\/coreondu.world\/noticias\/#primaryimage"},"thumbnailUrl":"https:\/\/coreondu.world\/wp-content\/uploads\/2024\/03\/Windeck-1.jpg","datePublished":"2023-09-27T09:06:05+00:00","dateModified":"2025-02-26T08:24:48+00:00","breadcrumb":{"@id":"https:\/\/coreondu.world\/noticias\/#breadcrumb"},"inLanguage":"pt-PT","potentialAction":[{"@type":"ReadAction","target":["https:\/\/coreondu.world\/noticias\/"]}]},{"@type":"ImageObject","inLanguage":"pt-PT","@id":"https:\/\/coreondu.world\/noticias\/#primaryimage","url":"https:\/\/coreondu.world\/wp-content\/uploads\/2024\/03\/Windeck-1.jpg","contentUrl":"https:\/\/coreondu.world\/wp-content\/uploads\/2024\/03\/Windeck-1.jpg"},{"@type":"BreadcrumbList","@id":"https:\/\/coreondu.world\/noticias\/#breadcrumb","itemListElement":[{"@type":"ListItem","position":1,"name":"Portada","item":"https:\/\/coreondu.world\/"},{"@type":"ListItem","position":2,"name":"Noticias"}]},{"@type":"WebSite","@id":"https:\/\/coreondu.world\/#website","url":"https:\/\/coreondu.world\/","name":"Cor\u00e9on D\u00fa","description":"","potentialAction":[{"@type":"SearchAction","target":{"@type":"EntryPoint","urlTemplate":"https:\/\/coreondu.world\/?s={search_term_string}"},"query-input":{"@type":"PropertyValueSpecification","valueRequired":true,"valueName":"search_term_string"}}],"inLanguage":"pt-PT"}]}},"_links":{"self":[{"href":"https:\/\/coreondu.world\/pt\/wp-json\/wp\/v2\/pages\/34","targetHints":{"allow":["GET"]}}],"collection":[{"href":"https:\/\/coreondu.world\/pt\/wp-json\/wp\/v2\/pages"}],"about":[{"href":"https:\/\/coreondu.world\/pt\/wp-json\/wp\/v2\/types\/page"}],"author":[{"embeddable":true,"href":"https:\/\/coreondu.world\/pt\/wp-json\/wp\/v2\/users\/1"}],"replies":[{"embeddable":true,"href":"https:\/\/coreondu.world\/pt\/wp-json\/wp\/v2\/comments?post=34"}],"version-history":[{"count":0,"href":"https:\/\/coreondu.world\/pt\/wp-json\/wp\/v2\/pages\/34\/revisions"}],"wp:attachment":[{"href":"https:\/\/coreondu.world\/pt\/wp-json\/wp\/v2\/media?parent=34"}],"curies":[{"name":"wp","href":"https:\/\/api.w.org\/{rel}","templated":true}]}}