{"id":32,"date":"2023-09-27T11:05:53","date_gmt":"2023-09-27T09:05:53","guid":{"rendered":"https:\/\/coreondu.world\/?page_id=32"},"modified":"2025-05-13T18:48:29","modified_gmt":"2025-05-13T16:48:29","slug":"proyectos","status":"publish","type":"page","link":"https:\/\/coreondu.world\/pt\/proyectos\/","title":{"rendered":"Projectos"},"content":{"rendered":"<div data-elementor-type=\"wp-page\" data-elementor-id=\"32\" class=\"elementor elementor-32\" data-elementor-post-type=\"page\">\n\t\t\t\t<div class=\"elementor-element elementor-element-96ba4f6 e-flex e-con-boxed wpr-particle-no wpr-jarallax-no wpr-parallax-no wpr-sticky-section-no e-con e-parent\" data-id=\"96ba4f6\" data-element_type=\"container\" data-settings=\"{&quot;background_background&quot;:&quot;classic&quot;}\">\n\t\t\t\t\t<div class=\"e-con-inner\">\n\t\t\t\t<div class=\"elementor-element elementor-element-ead2678 elementor-widget elementor-widget-heading\" data-id=\"ead2678\" data-element_type=\"widget\" data-widget_type=\"heading.default\">\n\t\t\t\t<div class=\"elementor-widget-container\">\n\t\t\t\t\t<h2 class=\"elementor-heading-title elementor-size-default\">os meus projectos<span style=\"color:#FF4E00\">.<\/span><\/h2>\t\t\t\t<\/div>\n\t\t\t\t<\/div>\n\t\t\t\t\t<\/div>\n\t\t\t\t<\/div>\n\t\t<div class=\"elementor-element elementor-element-582d4b4 e-flex e-con-boxed wpr-particle-no wpr-jarallax-no wpr-parallax-no wpr-sticky-section-no e-con e-parent\" data-id=\"582d4b4\" data-element_type=\"container\">\n\t\t\t\t\t<div class=\"e-con-inner\">\n\t\t\t\t<div class=\"elementor-element elementor-element-957e250 elementor-widget elementor-widget-spacer\" data-id=\"957e250\" data-element_type=\"widget\" data-widget_type=\"spacer.default\">\n\t\t\t\t<div class=\"elementor-widget-container\">\n\t\t\t\t\t\t\t<div class=\"elementor-spacer\">\n\t\t\t<div class=\"elementor-spacer-inner\"><\/div>\n\t\t<\/div>\n\t\t\t\t\t\t<\/div>\n\t\t\t\t<\/div>\n\t\t\t\t\t<\/div>\n\t\t\t\t<\/div>\n\t\t<div class=\"elementor-element elementor-element-7ee010f e-flex e-con-boxed wpr-particle-no wpr-jarallax-no wpr-parallax-no wpr-sticky-section-no e-con e-parent\" data-id=\"7ee010f\" data-element_type=\"container\">\n\t\t\t\t\t<div class=\"e-con-inner\">\n\t\t\t\t<div class=\"elementor-element elementor-element-996799e elementor-widget elementor-widget-text-editor\" data-id=\"996799e\" data-element_type=\"widget\" data-widget_type=\"text-editor.default\">\n\t\t\t\t<div class=\"elementor-widget-container\">\n\t\t\t\t\t\t\t\t\t<p>Explore a diversidade art\u00edstica que Cor\u00e9on D\u00fa traz \u00e0 vida atrav\u00e9s de uma variedade de ideias criativas. Cada projeto musical, de moda e n\u00e3o s\u00f3, \u00e9 uma express\u00e3o \u00fanica da sua paix\u00e3o e dedica\u00e7\u00e3o \u00e0 arte nas suas v\u00e1rias formas.<\/p>\t\t\t\t\t\t\t\t<\/div>\n\t\t\t\t<\/div>\n\t\t\t\t\t<\/div>\n\t\t\t\t<\/div>\n\t\t<div class=\"elementor-element elementor-element-bdb5953 e-flex e-con-boxed wpr-particle-no wpr-jarallax-no wpr-parallax-no wpr-sticky-section-no e-con e-parent\" data-id=\"bdb5953\" data-element_type=\"container\">\n\t\t\t\t\t<div class=\"e-con-inner\">\n\t\t\t\t<div class=\"elementor-element elementor-element-81a243a elementor-widget elementor-widget-spacer\" data-id=\"81a243a\" data-element_type=\"widget\" data-widget_type=\"spacer.default\">\n\t\t\t\t<div class=\"elementor-widget-container\">\n\t\t\t\t\t\t\t<div class=\"elementor-spacer\">\n\t\t\t<div class=\"elementor-spacer-inner\"><\/div>\n\t\t<\/div>\n\t\t\t\t\t\t<\/div>\n\t\t\t\t<\/div>\n\t\t\t\t\t<\/div>\n\t\t\t\t<\/div>\n\t\t<div class=\"elementor-element elementor-element-f74db3c e-con-full e-flex wpr-particle-no wpr-jarallax-no wpr-parallax-no wpr-sticky-section-no e-con e-parent\" data-id=\"f74db3c\" data-element_type=\"container\" data-settings=\"{&quot;background_background&quot;:&quot;classic&quot;}\">\n\t\t<div class=\"elementor-element elementor-element-63a61f6 e-con-full e-flex wpr-particle-no wpr-jarallax-no wpr-parallax-no wpr-sticky-section-no e-con e-child\" data-id=\"63a61f6\" data-element_type=\"container\">\n\t\t\t\t<div class=\"elementor-element elementor-element-b5e0b93 elementor-widget elementor-widget-heading\" data-id=\"b5e0b93\" data-element_type=\"widget\" data-widget_type=\"heading.default\">\n\t\t\t\t<div class=\"elementor-widget-container\">\n\t\t\t\t\t<h2 class=\"elementor-heading-title elementor-size-default\">Audiovisuais<\/h2>\t\t\t\t<\/div>\n\t\t\t\t<\/div>\n\t\t\t\t<div class=\"elementor-element elementor-element-0b0de01 elementor-widget elementor-widget-spacer\" data-id=\"0b0de01\" data-element_type=\"widget\" data-widget_type=\"spacer.default\">\n\t\t\t\t<div class=\"elementor-widget-container\">\n\t\t\t\t\t\t\t<div class=\"elementor-spacer\">\n\t\t\t<div class=\"elementor-spacer-inner\"><\/div>\n\t\t<\/div>\n\t\t\t\t\t\t<\/div>\n\t\t\t\t<\/div>\n\t\t\t\t<div class=\"elementor-element elementor-element-4261c4c elementor-widget elementor-widget-text-editor\" data-id=\"4261c4c\" data-element_type=\"widget\" data-widget_type=\"text-editor.default\">\n\t\t\t\t<div class=\"elementor-widget-container\">\n\t\t\t\t\t\t\t\t\t<p>O formato audiovisual permite gerar conte\u00fados exclusivos, onde as pe\u00e7as ganham vida atrav\u00e9s da vis\u00e3o \u00fanica dos Cor\u00e9on D\u00fa. Mergulhe numa experi\u00eancia audiovisual que vai para al\u00e9m das notas musicais e dos conte\u00fados visuais, oferecendo uma janela para o seu mundo criativo e art\u00edstico.<\/p>\t\t\t\t\t\t\t\t<\/div>\n\t\t\t\t<\/div>\n\t\t\t\t<\/div>\n\t\t<div class=\"elementor-element elementor-element-382f3d6 e-con-full e-flex wpr-particle-no wpr-jarallax-no wpr-parallax-no wpr-sticky-section-no elementor-invisible e-con e-child\" data-id=\"382f3d6\" data-element_type=\"container\" data-settings=\"{&quot;animation&quot;:&quot;fadeIn&quot;}\">\n\t\t<div class=\"elementor-element elementor-element-6986f33 e-flex e-con-boxed wpr-particle-no wpr-jarallax-no wpr-parallax-no wpr-sticky-section-no e-con e-child\" data-id=\"6986f33\" data-element_type=\"container\">\n\t\t\t\t\t<div class=\"e-con-inner\">\n\t\t<div class=\"elementor-element elementor-element-162a30c e-flex e-con-boxed wpr-particle-no wpr-jarallax-no wpr-parallax-no wpr-sticky-section-no e-con e-child\" data-id=\"162a30c\" data-element_type=\"container\">\n\t\t\t\t\t<div class=\"e-con-inner\">\n\t\t<div class=\"elementor-element elementor-element-2e07124 e-flex e-con-boxed wpr-particle-no wpr-jarallax-no wpr-parallax-no wpr-sticky-section-no e-con e-child\" data-id=\"2e07124\" data-element_type=\"container\" data-settings=\"{&quot;background_background&quot;:&quot;classic&quot;}\">\n\t\t\t\t\t<div class=\"e-con-inner\">\n\t\t\t\t<div class=\"elementor-element elementor-element-cb80a00 elementor-widget elementor-widget-heading\" data-id=\"cb80a00\" data-element_type=\"widget\" data-widget_type=\"heading.default\">\n\t\t\t\t<div class=\"elementor-widget-container\">\n\t\t\t\t\t<h2 class=\"elementor-heading-title elementor-size-default\"><a href=\"https:\/\/vimeo.com\/812117053\" target=\"_blank\">Bangaologia: a ci\u00eancia do estilo<\/a><\/h2>\t\t\t\t<\/div>\n\t\t\t\t<\/div>\n\t\t\t\t\t<\/div>\n\t\t\t\t<\/div>\n\t\t\t\t\t<\/div>\n\t\t\t\t<\/div>\n\t\t<div class=\"elementor-element elementor-element-6344835 e-flex e-con-boxed wpr-particle-no wpr-jarallax-no wpr-parallax-no wpr-sticky-section-no e-con e-child\" data-id=\"6344835\" data-element_type=\"container\">\n\t\t\t\t\t<div class=\"e-con-inner\">\n\t\t<div class=\"elementor-element elementor-element-0146c01 e-flex e-con-boxed wpr-particle-no wpr-jarallax-no wpr-parallax-no wpr-sticky-section-no e-con e-child\" data-id=\"0146c01\" data-element_type=\"container\" data-settings=\"{&quot;background_background&quot;:&quot;classic&quot;}\">\n\t\t\t\t\t<div class=\"e-con-inner\">\n\t\t\t\t<div class=\"elementor-element elementor-element-3bf056a elementor-widget elementor-widget-heading\" data-id=\"3bf056a\" data-element_type=\"widget\" data-widget_type=\"heading.default\">\n\t\t\t\t<div class=\"elementor-widget-container\">\n\t\t\t\t\t<h2 class=\"elementor-heading-title elementor-size-default\"><a href=\"https:\/\/vimeo.com\/179161670\" target=\"_blank\">Adoro kuduro: de Angola para o mundo<\/a><\/h2>\t\t\t\t<\/div>\n\t\t\t\t<\/div>\n\t\t\t\t\t<\/div>\n\t\t\t\t<\/div>\n\t\t\t\t\t<\/div>\n\t\t\t\t<\/div>\n\t\t<div class=\"elementor-element elementor-element-5ac6219 e-flex e-con-boxed wpr-particle-no wpr-jarallax-no wpr-parallax-no wpr-sticky-section-no e-con e-child\" data-id=\"5ac6219\" data-element_type=\"container\">\n\t\t\t\t\t<div class=\"e-con-inner\">\n\t\t<div class=\"elementor-element elementor-element-c07d71e e-flex e-con-boxed wpr-particle-no wpr-jarallax-no wpr-parallax-no wpr-sticky-section-no e-con e-child\" data-id=\"c07d71e\" data-element_type=\"container\" data-settings=\"{&quot;background_background&quot;:&quot;classic&quot;}\">\n\t\t\t\t\t<div class=\"e-con-inner\">\n\t\t\t\t<div class=\"elementor-element elementor-element-409627b elementor-widget elementor-widget-heading\" data-id=\"409627b\" data-element_type=\"widget\" data-widget_type=\"heading.default\">\n\t\t\t\t<div class=\"elementor-widget-container\">\n\t\t\t\t\t<h2 class=\"elementor-heading-title elementor-size-default\"><a href=\"https:\/\/vimeo.com\/179158289\" target=\"_blank\">Windeck<\/a><\/h2>\t\t\t\t<\/div>\n\t\t\t\t<\/div>\n\t\t\t\t\t<\/div>\n\t\t\t\t<\/div>\n\t\t\t\t\t<\/div>\n\t\t\t\t<\/div>\n\t\t\t\t\t<\/div>\n\t\t\t\t<\/div>\n\t\t\t\t<\/div>\n\t\t\t\t<\/div>\n\t\t<div class=\"elementor-element elementor-element-cf33967 e-flex e-con-boxed wpr-particle-no wpr-jarallax-no wpr-parallax-no wpr-sticky-section-no e-con e-parent\" data-id=\"cf33967\" data-element_type=\"container\">\n\t\t\t\t\t<div class=\"e-con-inner\">\n\t\t\t\t<div class=\"elementor-element elementor-element-aee0f1f elementor-widget elementor-widget-spacer\" data-id=\"aee0f1f\" data-element_type=\"widget\" data-widget_type=\"spacer.default\">\n\t\t\t\t<div class=\"elementor-widget-container\">\n\t\t\t\t\t\t\t<div class=\"elementor-spacer\">\n\t\t\t<div class=\"elementor-spacer-inner\"><\/div>\n\t\t<\/div>\n\t\t\t\t\t\t<\/div>\n\t\t\t\t<\/div>\n\t\t\t\t\t<\/div>\n\t\t\t\t<\/div>\n\t\t<div class=\"elementor-element elementor-element-b786ed1 e-flex e-con-boxed wpr-particle-no wpr-jarallax-no wpr-parallax-no wpr-sticky-section-no e-con e-parent\" data-id=\"b786ed1\" data-element_type=\"container\">\n\t\t\t\t\t<div class=\"e-con-inner\">\n\t\t<div class=\"elementor-element elementor-element-b5c6089 e-con-full e-flex wpr-particle-no wpr-jarallax-no wpr-parallax-no wpr-sticky-section-no e-con e-child\" data-id=\"b5c6089\" data-element_type=\"container\">\n\t\t\t\t<div class=\"elementor-element elementor-element-dd790c1 elementor-widget elementor-widget-heading\" data-id=\"dd790c1\" data-element_type=\"widget\" data-widget_type=\"heading.default\">\n\t\t\t\t<div class=\"elementor-widget-container\">\n\t\t\t\t\t<h2 class=\"elementor-heading-title elementor-size-default\">M\u00fasica<\/h2>\t\t\t\t<\/div>\n\t\t\t\t<\/div>\n\t\t\t\t<div class=\"elementor-element elementor-element-4e3538a elementor-widget elementor-widget-spacer\" data-id=\"4e3538a\" data-element_type=\"widget\" data-widget_type=\"spacer.default\">\n\t\t\t\t<div class=\"elementor-widget-container\">\n\t\t\t\t\t\t\t<div class=\"elementor-spacer\">\n\t\t\t<div class=\"elementor-spacer-inner\"><\/div>\n\t\t<\/div>\n\t\t\t\t\t\t<\/div>\n\t\t\t\t<\/div>\n\t\t\t\t<div class=\"elementor-element elementor-element-42bcc38 elementor-widget elementor-widget-text-editor\" data-id=\"42bcc38\" data-element_type=\"widget\" data-widget_type=\"text-editor.default\">\n\t\t\t\t<div class=\"elementor-widget-container\">\n\t\t\t\t\t\t\t\t\t<p>Mergulhe no vibrante mundo musical dos Cor\u00e9on D\u00fa. Desde o seu \u00e1lbum de estreia \"The Cor\u00e9on Experiment\" at\u00e9 \u00e0s suas \u00faltimas produ\u00e7\u00f5es, explore a fus\u00e3o de ritmos africanos, urbanos e pop que caracterizam o seu estilo. Ou\u00e7a os seus \u00eaxitos e descubra a sua evolu\u00e7\u00e3o art\u00edstica ao longo dos anos.<\/p>\t\t\t\t\t\t\t\t<\/div>\n\t\t\t\t<\/div>\n\t\t\t\t<\/div>\n\t\t<div class=\"elementor-element elementor-element-d80c0b2 e-con-full e-flex wpr-particle-no wpr-jarallax-no wpr-parallax-no wpr-sticky-section-no e-con e-child\" data-id=\"d80c0b2\" data-element_type=\"container\">\n\t\t\t\t<div class=\"elementor-element elementor-element-2f45fc7 elementor-widget elementor-widget-html\" data-id=\"2f45fc7\" data-element_type=\"widget\" data-widget_type=\"html.default\">\n\t\t\t\t<div class=\"elementor-widget-container\">\n\t\t\t\t\t<iframe style=\"border-radius:12px\" src=\"https:\/\/open.spotify.com\/embed\/playlist\/37i9dQZF1DZ06evO2ARBHr?utm_source=generator\" width=\"100%\" height=\"352\" frameborder=\"0\" allowfullscreen=\"\" allow=\"autoplay; clipboard-write; encrypted-media; fullscreen; picture-in-picture\" loading=\"lazy\"><\/iframe>\t\t\t\t<\/div>\n\t\t\t\t<\/div>\n\t\t\t\t<\/div>\n\t\t\t\t\t<\/div>\n\t\t\t\t<\/div>\n\t\t<div class=\"elementor-element elementor-element-5ec2143 e-flex e-con-boxed wpr-particle-no wpr-jarallax-no wpr-parallax-no wpr-sticky-section-no e-con e-parent\" data-id=\"5ec2143\" data-element_type=\"container\">\n\t\t\t\t\t<div class=\"e-con-inner\">\n\t\t\t\t<div class=\"elementor-element elementor-element-183859f elementor-widget elementor-widget-spacer\" data-id=\"183859f\" data-element_type=\"widget\" data-widget_type=\"spacer.default\">\n\t\t\t\t<div class=\"elementor-widget-container\">\n\t\t\t\t\t\t\t<div class=\"elementor-spacer\">\n\t\t\t<div class=\"elementor-spacer-inner\"><\/div>\n\t\t<\/div>\n\t\t\t\t\t\t<\/div>\n\t\t\t\t<\/div>\n\t\t\t\t\t<\/div>\n\t\t\t\t<\/div>\n\t\t\t\t<\/div>","protected":false},"excerpt":{"rendered":"<p>mis proyectos. Explora la diversidad art\u00edstica de Cor\u00e9on D\u00fa cobra vida a trav\u00e9s de una variedad de ideas creativas. Cada proyecto musical, de moda y m\u00e1s all\u00e1, es una expresi\u00f3n \u00fanica de su pasi\u00f3n y dedicaci\u00f3n al arte en sus diversas formas. Audiovisuales El formato audiovisual permite generar un contenido exclusivo, donde las piezas cobran vida a trav\u00e9s de la visi\u00f3n \u00fanica de Cor\u00e9on D\u00fa. Sum\u00e9rgete en una experiencia audiovisual que va m\u00e1s all\u00e1 de las notas musicales, y de los contenidos visuales, ya que ofrece una ventana a su mundo creativo y art\u00edstico. Bangaologia: the science of style I love kuduro: from Angola to the world Windeck M\u00fasica Sum\u00e9rgete en el vibrante mundo musical de Cor\u00e9on D\u00fa. Desde su \u00e1lbum debut &#8216;The Cor\u00e9on Experiment&#8217; hasta sus \u00faltimas producciones, explora la fusi\u00f3n de ritmos africanos, urbanos y pop que caracterizan su estilo. Escucha sus \u00e9xitos y descubre su evoluci\u00f3n art\u00edstica a lo largo de los a\u00f1os.<\/p>","protected":false},"author":1,"featured_media":0,"parent":0,"menu_order":0,"comment_status":"closed","ping_status":"closed","template":"","meta":{"footnotes":""},"class_list":["post-32","page","type-page","status-publish","hentry"],"yoast_head":"<!-- This site is optimized with the Yoast SEO plugin v27.1.1 - https:\/\/yoast.com\/product\/yoast-seo-wordpress\/ -->\n<title>Proyectos - Coreon Du<\/title>\n<meta name=\"robots\" content=\"index, follow, max-snippet:-1, max-image-preview:large, max-video-preview:-1\" \/>\n<link rel=\"canonical\" href=\"https:\/\/coreondu.world\/pt\/proyectos\/\" \/>\n<meta property=\"og:locale\" content=\"pt_PT\" \/>\n<meta property=\"og:type\" content=\"article\" \/>\n<meta property=\"og:title\" content=\"Proyectos - Coreon Du\" \/>\n<meta property=\"og:description\" content=\"mis proyectos. Explora la diversidad art\u00edstica de Cor\u00e9on D\u00fa cobra vida a trav\u00e9s de una variedad de ideas creativas. Cada proyecto musical, de moda y m\u00e1s all\u00e1, es una expresi\u00f3n \u00fanica de su pasi\u00f3n y dedicaci\u00f3n al arte en sus diversas formas. Audiovisuales El formato audiovisual permite generar un contenido exclusivo, donde las piezas cobran vida a trav\u00e9s de la visi\u00f3n \u00fanica de Cor\u00e9on D\u00fa. Sum\u00e9rgete en una experiencia audiovisual que va m\u00e1s all\u00e1 de las notas musicales, y de los contenidos visuales, ya que ofrece una ventana a su mundo creativo y art\u00edstico. Bangaologia: the science of style I love kuduro: from Angola to the world Windeck M\u00fasica Sum\u00e9rgete en el vibrante mundo musical de Cor\u00e9on D\u00fa. Desde su \u00e1lbum debut &#8216;The Cor\u00e9on Experiment&#8217; hasta sus \u00faltimas producciones, explora la fusi\u00f3n de ritmos africanos, urbanos y pop que caracterizan su estilo. Escucha sus \u00e9xitos y descubre su evoluci\u00f3n art\u00edstica a lo largo de los a\u00f1os.\" \/>\n<meta property=\"og:url\" content=\"https:\/\/coreondu.world\/pt\/proyectos\/\" \/>\n<meta property=\"og:site_name\" content=\"Coreon Du\" \/>\n<meta property=\"article:publisher\" content=\"https:\/\/www.facebook.com\/CoreonDuOficial\/\" \/>\n<meta property=\"article:modified_time\" content=\"2025-05-13T16:48:29+00:00\" \/>\n<meta name=\"twitter:card\" content=\"summary_large_image\" \/>\n<meta name=\"twitter:label1\" content=\"Tempo estimado de leitura\" \/>\n\t<meta name=\"twitter:data1\" content=\"1 minuto\" \/>\n<script type=\"application\/ld+json\" class=\"yoast-schema-graph\">{\"@context\":\"https:\/\/schema.org\",\"@graph\":[{\"@type\":\"WebPage\",\"@id\":\"https:\/\/coreondu.world\/proyectos\/\",\"url\":\"https:\/\/coreondu.world\/proyectos\/\",\"name\":\"Proyectos - Coreon Du\",\"isPartOf\":{\"@id\":\"https:\/\/coreondu.world\/#website\"},\"datePublished\":\"2023-09-27T09:05:53+00:00\",\"dateModified\":\"2025-05-13T16:48:29+00:00\",\"breadcrumb\":{\"@id\":\"https:\/\/coreondu.world\/proyectos\/#breadcrumb\"},\"inLanguage\":\"pt-PT\",\"potentialAction\":[{\"@type\":\"ReadAction\",\"target\":[\"https:\/\/coreondu.world\/proyectos\/\"]}]},{\"@type\":\"BreadcrumbList\",\"@id\":\"https:\/\/coreondu.world\/proyectos\/#breadcrumb\",\"itemListElement\":[{\"@type\":\"ListItem\",\"position\":1,\"name\":\"Portada\",\"item\":\"https:\/\/coreondu.world\/\"},{\"@type\":\"ListItem\",\"position\":2,\"name\":\"Proyectos\"}]},{\"@type\":\"WebSite\",\"@id\":\"https:\/\/coreondu.world\/#website\",\"url\":\"https:\/\/coreondu.world\/\",\"name\":\"Cor\u00e9on D\u00fa\",\"description\":\"\",\"potentialAction\":[{\"@type\":\"SearchAction\",\"target\":{\"@type\":\"EntryPoint\",\"urlTemplate\":\"https:\/\/coreondu.world\/?s={search_term_string}\"},\"query-input\":{\"@type\":\"PropertyValueSpecification\",\"valueRequired\":true,\"valueName\":\"search_term_string\"}}],\"inLanguage\":\"pt-PT\"}]}<\/script>\n<!-- \/ Yoast SEO plugin. -->","yoast_head_json":{"title":"Proyectos - Coreon Du","robots":{"index":"index","follow":"follow","max-snippet":"max-snippet:-1","max-image-preview":"max-image-preview:large","max-video-preview":"max-video-preview:-1"},"canonical":"https:\/\/coreondu.world\/pt\/proyectos\/","og_locale":"pt_PT","og_type":"article","og_title":"Proyectos - Coreon Du","og_description":"mis proyectos. Explora la diversidad art\u00edstica de Cor\u00e9on D\u00fa cobra vida a trav\u00e9s de una variedad de ideas creativas. Cada proyecto musical, de moda y m\u00e1s all\u00e1, es una expresi\u00f3n \u00fanica de su pasi\u00f3n y dedicaci\u00f3n al arte en sus diversas formas. Audiovisuales El formato audiovisual permite generar un contenido exclusivo, donde las piezas cobran vida a trav\u00e9s de la visi\u00f3n \u00fanica de Cor\u00e9on D\u00fa. Sum\u00e9rgete en una experiencia audiovisual que va m\u00e1s all\u00e1 de las notas musicales, y de los contenidos visuales, ya que ofrece una ventana a su mundo creativo y art\u00edstico. Bangaologia: the science of style I love kuduro: from Angola to the world Windeck M\u00fasica Sum\u00e9rgete en el vibrante mundo musical de Cor\u00e9on D\u00fa. Desde su \u00e1lbum debut &#8216;The Cor\u00e9on Experiment&#8217; hasta sus \u00faltimas producciones, explora la fusi\u00f3n de ritmos africanos, urbanos y pop que caracterizan su estilo. Escucha sus \u00e9xitos y descubre su evoluci\u00f3n art\u00edstica a lo largo de los a\u00f1os.","og_url":"https:\/\/coreondu.world\/pt\/proyectos\/","og_site_name":"Coreon Du","article_publisher":"https:\/\/www.facebook.com\/CoreonDuOficial\/","article_modified_time":"2025-05-13T16:48:29+00:00","twitter_card":"summary_large_image","twitter_misc":{"Tempo estimado de leitura":"1 minuto"},"schema":{"@context":"https:\/\/schema.org","@graph":[{"@type":"WebPage","@id":"https:\/\/coreondu.world\/proyectos\/","url":"https:\/\/coreondu.world\/proyectos\/","name":"Proyectos - Coreon Du","isPartOf":{"@id":"https:\/\/coreondu.world\/#website"},"datePublished":"2023-09-27T09:05:53+00:00","dateModified":"2025-05-13T16:48:29+00:00","breadcrumb":{"@id":"https:\/\/coreondu.world\/proyectos\/#breadcrumb"},"inLanguage":"pt-PT","potentialAction":[{"@type":"ReadAction","target":["https:\/\/coreondu.world\/proyectos\/"]}]},{"@type":"BreadcrumbList","@id":"https:\/\/coreondu.world\/proyectos\/#breadcrumb","itemListElement":[{"@type":"ListItem","position":1,"name":"Portada","item":"https:\/\/coreondu.world\/"},{"@type":"ListItem","position":2,"name":"Proyectos"}]},{"@type":"WebSite","@id":"https:\/\/coreondu.world\/#website","url":"https:\/\/coreondu.world\/","name":"Cor\u00e9on D\u00fa","description":"","potentialAction":[{"@type":"SearchAction","target":{"@type":"EntryPoint","urlTemplate":"https:\/\/coreondu.world\/?s={search_term_string}"},"query-input":{"@type":"PropertyValueSpecification","valueRequired":true,"valueName":"search_term_string"}}],"inLanguage":"pt-PT"}]}},"_links":{"self":[{"href":"https:\/\/coreondu.world\/pt\/wp-json\/wp\/v2\/pages\/32","targetHints":{"allow":["GET"]}}],"collection":[{"href":"https:\/\/coreondu.world\/pt\/wp-json\/wp\/v2\/pages"}],"about":[{"href":"https:\/\/coreondu.world\/pt\/wp-json\/wp\/v2\/types\/page"}],"author":[{"embeddable":true,"href":"https:\/\/coreondu.world\/pt\/wp-json\/wp\/v2\/users\/1"}],"replies":[{"embeddable":true,"href":"https:\/\/coreondu.world\/pt\/wp-json\/wp\/v2\/comments?post=32"}],"version-history":[{"count":0,"href":"https:\/\/coreondu.world\/pt\/wp-json\/wp\/v2\/pages\/32\/revisions"}],"wp:attachment":[{"href":"https:\/\/coreondu.world\/pt\/wp-json\/wp\/v2\/media?parent=32"}],"curies":[{"name":"wp","href":"https:\/\/api.w.org\/{rel}","templated":true}]}}