{"id":30,"date":"2023-09-27T11:05:42","date_gmt":"2023-09-27T09:05:42","guid":{"rendered":"https:\/\/coreondu.world\/?page_id=30"},"modified":"2025-02-26T09:31:04","modified_gmt":"2025-02-26T08:31:04","slug":"sobre-mi","status":"publish","type":"page","link":"https:\/\/coreondu.world\/en\/sobre-mi\/","title":{"rendered":"About me"},"content":{"rendered":"<div data-elementor-type=\"wp-page\" data-elementor-id=\"30\" class=\"elementor elementor-30\" data-elementor-post-type=\"page\">\n\t\t\t\t<div class=\"elementor-element elementor-element-0da9348 e-flex e-con-boxed wpr-particle-no wpr-jarallax-no wpr-parallax-no wpr-sticky-section-no e-con e-parent\" data-id=\"0da9348\" data-element_type=\"container\" data-settings=\"{&quot;background_background&quot;:&quot;classic&quot;}\">\n\t\t\t\t\t<div class=\"e-con-inner\">\n\t\t\t\t<div class=\"elementor-element elementor-element-79754bd elementor-widget elementor-widget-heading\" data-id=\"79754bd\" data-element_type=\"widget\" data-widget_type=\"heading.default\">\n\t\t\t\t<div class=\"elementor-widget-container\">\n\t\t\t\t\t<h2 class=\"elementor-heading-title elementor-size-default\">about me<span style=\"color:#FF4E00\">.<\/span><\/h2>\t\t\t\t<\/div>\n\t\t\t\t<\/div>\n\t\t\t\t\t<\/div>\n\t\t\t\t<\/div>\n\t\t<div class=\"elementor-element elementor-element-c0bced9 e-flex e-con-boxed wpr-particle-no wpr-jarallax-no wpr-parallax-no wpr-sticky-section-no e-con e-parent\" data-id=\"c0bced9\" data-element_type=\"container\">\n\t\t\t\t\t<div class=\"e-con-inner\">\n\t\t\t\t<div class=\"elementor-element elementor-element-eabbc7a elementor-widget elementor-widget-spacer\" data-id=\"eabbc7a\" data-element_type=\"widget\" data-widget_type=\"spacer.default\">\n\t\t\t\t<div class=\"elementor-widget-container\">\n\t\t\t\t\t\t\t<div class=\"elementor-spacer\">\n\t\t\t<div class=\"elementor-spacer-inner\"><\/div>\n\t\t<\/div>\n\t\t\t\t\t\t<\/div>\n\t\t\t\t<\/div>\n\t\t\t\t\t<\/div>\n\t\t\t\t<\/div>\n\t\t<div class=\"elementor-element elementor-element-0a49b97 e-flex e-con-boxed wpr-particle-no wpr-jarallax-no wpr-parallax-no wpr-sticky-section-no e-con e-parent\" data-id=\"0a49b97\" data-element_type=\"container\">\n\t\t\t\t\t<div class=\"e-con-inner\">\n\t\t\t\t\t<\/div>\n\t\t\t\t<\/div>\n\t\t<div class=\"elementor-element elementor-element-d7fd4c0 e-flex e-con-boxed wpr-particle-no wpr-jarallax-no wpr-parallax-no wpr-sticky-section-no e-con e-parent\" data-id=\"d7fd4c0\" data-element_type=\"container\">\n\t\t\t\t\t<div class=\"e-con-inner\">\n\t\t<div class=\"elementor-element elementor-element-77f31db e-con-full e-flex wpr-particle-no wpr-jarallax-no wpr-parallax-no wpr-sticky-section-no e-con e-child\" data-id=\"77f31db\" data-element_type=\"container\">\n\t\t\t\t<div class=\"elementor-element elementor-element-b6720c1 elementor-widget elementor-widget-heading\" data-id=\"b6720c1\" data-element_type=\"widget\" data-widget_type=\"heading.default\">\n\t\t\t\t<div class=\"elementor-widget-container\">\n\t\t\t\t\t<h2 class=\"elementor-heading-title elementor-size-default\">Cor\u00e9on D\u00fa<\/h2>\t\t\t\t<\/div>\n\t\t\t\t<\/div>\n\t\t\t\t<\/div>\n\t\t<div class=\"elementor-element elementor-element-a24864e e-con-full e-flex wpr-particle-no wpr-jarallax-no wpr-parallax-no wpr-sticky-section-no e-con e-child\" data-id=\"a24864e\" data-element_type=\"container\">\n\t\t\t\t<div class=\"elementor-element elementor-element-3d48d7d elementor-widget elementor-widget-text-editor\" data-id=\"3d48d7d\" data-element_type=\"widget\" data-widget_type=\"text-editor.default\">\n\t\t\t\t<div class=\"elementor-widget-container\">\n\t\t\t\t\t\t\t\t\t<p class=\"MsoNormal\">African artist, he defines himself as a dreamer and adventurer whose story is intertwined with the fusion of cultures. Born in Angola, his life took him to Portugal and then to the United States, where he immersed himself in music and fashion. Influenced by Angolan artists and global figures such as Michael Jackson, his exposure to Latin music through television inspired him to learn Spanish.<o:p><\/o:p><\/p>\t\t\t\t\t\t\t\t<\/div>\n\t\t\t\t<\/div>\n\t\t\t\t<\/div>\n\t\t\t\t\t<\/div>\n\t\t\t\t<\/div>\n\t\t<div class=\"elementor-element elementor-element-fc8678a e-flex e-con-boxed wpr-particle-no wpr-jarallax-no wpr-parallax-no wpr-sticky-section-no e-con e-parent\" data-id=\"fc8678a\" data-element_type=\"container\">\n\t\t\t\t\t<div class=\"e-con-inner\">\n\t\t\t\t<div class=\"elementor-element elementor-element-e0615b0 elementor-widget elementor-widget-spacer\" data-id=\"e0615b0\" data-element_type=\"widget\" data-widget_type=\"spacer.default\">\n\t\t\t\t<div class=\"elementor-widget-container\">\n\t\t\t\t\t\t\t<div class=\"elementor-spacer\">\n\t\t\t<div class=\"elementor-spacer-inner\"><\/div>\n\t\t<\/div>\n\t\t\t\t\t\t<\/div>\n\t\t\t\t<\/div>\n\t\t\t\t\t<\/div>\n\t\t\t\t<\/div>\n\t\t<div class=\"elementor-element elementor-element-fed3f52 e-flex e-con-boxed wpr-particle-no wpr-jarallax-no wpr-parallax-no wpr-sticky-section-no e-con e-parent\" data-id=\"fed3f52\" data-element_type=\"container\" data-settings=\"{&quot;background_background&quot;:&quot;classic&quot;}\">\n\t\t\t\t\t<div class=\"e-con-inner\">\n\t\t<div class=\"elementor-element elementor-element-db4caa3 e-con-full e-flex wpr-particle-no wpr-jarallax-no wpr-parallax-no wpr-sticky-section-no e-con e-child\" data-id=\"db4caa3\" data-element_type=\"container\">\n\t\t\t\t<div class=\"elementor-element elementor-element-df7a3e2 elementor-align-right elementor-widget elementor-widget-button\" data-id=\"df7a3e2\" data-element_type=\"widget\" data-widget_type=\"button.default\">\n\t\t\t\t<div class=\"elementor-widget-container\">\n\t\t\t\t\t\t\t\t\t<div class=\"elementor-button-wrapper\">\n\t\t\t\t\t<a class=\"elementor-button elementor-button-link elementor-size-sm\" href=\"https:\/\/coreondu.world\/en\/proyectos\/\">\n\t\t\t\t\t\t<span class=\"elementor-button-content-wrapper\">\n\t\t\t\t\t\t\t\t\t<span class=\"elementor-button-text\">See projects<\/span>\n\t\t\t\t\t<\/span>\n\t\t\t\t\t<\/a>\n\t\t\t\t<\/div>\n\t\t\t\t\t\t\t\t<\/div>\n\t\t\t\t<\/div>\n\t\t\t\t<div class=\"elementor-element elementor-element-305e15c elementor-widget elementor-widget-text-editor\" data-id=\"305e15c\" data-element_type=\"widget\" data-widget_type=\"text-editor.default\">\n\t\t\t\t<div class=\"elementor-widget-container\">\n\t\t\t\t\t\t\t\t\t<p class=\"MsoNormal\">After successes in fashion and advertising, he returned to music,\nreleasing his debut album \"The Cor\u00e9on Experiment\" in 2010. Her connection with Latin\nLatin culture was strengthened, marking a new direction towards Spanish. Cor\u00e9on\nhas participated in international festivals and now presents itself to the Latin public with its first\nLatin audiences with his first album in Spanish, highlighting his love for the language and culture.\nculture. His eclectic musical approach seeks to fuse diverse influences and create a dialogue with Latin audiences.\ncreate a dialogue with Latin audiences.<o:p><\/o:p><\/p>\t\t\t\t\t\t\t\t<\/div>\n\t\t\t\t<\/div>\n\t\t\t\t<\/div>\n\t\t\t\t\t<\/div>\n\t\t\t\t<\/div>\n\t\t\t\t<\/div>","protected":false},"excerpt":{"rendered":"<p>about me. Cor\u00e9on D\u00fa, an African artist, defines himself as a dreamer and adventurer whose story is intertwined with the fusion of cultures. Born in Angola, his life took him to Portugal and then to the United States, where he immersed himself in music and fashion. Influenced by Angolan artists and global figures such as Michael Jackson, his exposure to Latin music through television inspired him to learn Spanish. See projects After successes in fashion and advertising, he returned to music, releasing his debut \"The Cor\u00e9on Experiment\" in 2010. His connection to Latin culture grew stronger, marking a new direction in Spanish. Cor\u00e9on has participated in international festivals and now introduces himself to Latin audiences with his first album in Spanish, highlighting his love for the language and culture. His eclectic musical approach seeks to fuse diverse influences and create a dialogue with Latin audiences.<\/p>","protected":false},"author":1,"featured_media":0,"parent":0,"menu_order":0,"comment_status":"closed","ping_status":"closed","template":"","meta":{"footnotes":""},"class_list":["post-30","page","type-page","status-publish","hentry"],"yoast_head":"<!-- This site is optimized with the Yoast SEO plugin v27.1.1 - https:\/\/yoast.com\/product\/yoast-seo-wordpress\/ -->\n<title>Sobre m\u00ed - Coreon Du<\/title>\n<meta name=\"robots\" content=\"index, follow, max-snippet:-1, max-image-preview:large, max-video-preview:-1\" \/>\n<link rel=\"canonical\" href=\"https:\/\/coreondu.world\/en\/sobre-mi\/\" \/>\n<meta property=\"og:locale\" content=\"en_GB\" \/>\n<meta property=\"og:type\" content=\"article\" \/>\n<meta property=\"og:title\" content=\"Sobre m\u00ed - Coreon Du\" \/>\n<meta property=\"og:description\" content=\"sobre m\u00ed. Cor\u00e9on D\u00fa artista africano, se define como un so\u00f1ador y aventurero cuya historia se entrelaza con la fusi\u00f3n de culturas. Nacido en Angola, su vida lo llev\u00f3 a Portugal y luego a Estados Unidos, donde se sumergi\u00f3 en la m\u00fasica y la moda. Influenciado por artistas angole\u00f1os y figuras mundiales como Michael Jackson, su exposici\u00f3n a la m\u00fasica latina a trav\u00e9s de la televisi\u00f3n lo inspir\u00f3 a aprender espa\u00f1ol. Ver proyectos Tras \u00e9xitos en moda y publicidad, regres\u00f3 a la m\u00fasica, lanzando en 2010 su debut \u00abThe Cor\u00e9on Experiment\u00bb. Su conexi\u00f3n con la cultura latina se fortaleci\u00f3, marcando un nuevo rumbo hacia el espa\u00f1ol. Cor\u00e9on ha participado en festivales internacionales y ahora se presenta al p\u00fablico latino con su primer \u00e1lbum en espa\u00f1ol, destacando su amor por el idioma y la cultura. Su enfoque musical ecl\u00e9ctico busca fusionar diversas influencias y crear un di\u00e1logo con el p\u00fablico latino.\" \/>\n<meta property=\"og:url\" content=\"https:\/\/coreondu.world\/en\/sobre-mi\/\" \/>\n<meta property=\"og:site_name\" content=\"Coreon Du\" \/>\n<meta property=\"article:publisher\" content=\"https:\/\/www.facebook.com\/CoreonDuOficial\/\" \/>\n<meta property=\"article:modified_time\" content=\"2025-02-26T08:31:04+00:00\" \/>\n<meta name=\"twitter:card\" content=\"summary_large_image\" \/>\n<meta name=\"twitter:label1\" content=\"Estimated reading time\" \/>\n\t<meta name=\"twitter:data1\" content=\"1 minute\" \/>\n<script type=\"application\/ld+json\" class=\"yoast-schema-graph\">{\"@context\":\"https:\/\/schema.org\",\"@graph\":[{\"@type\":\"WebPage\",\"@id\":\"https:\/\/coreondu.world\/sobre-mi\/\",\"url\":\"https:\/\/coreondu.world\/sobre-mi\/\",\"name\":\"Sobre m\u00ed - Coreon Du\",\"isPartOf\":{\"@id\":\"https:\/\/coreondu.world\/#website\"},\"datePublished\":\"2023-09-27T09:05:42+00:00\",\"dateModified\":\"2025-02-26T08:31:04+00:00\",\"breadcrumb\":{\"@id\":\"https:\/\/coreondu.world\/sobre-mi\/#breadcrumb\"},\"inLanguage\":\"en-GB\",\"potentialAction\":[{\"@type\":\"ReadAction\",\"target\":[\"https:\/\/coreondu.world\/sobre-mi\/\"]}]},{\"@type\":\"BreadcrumbList\",\"@id\":\"https:\/\/coreondu.world\/sobre-mi\/#breadcrumb\",\"itemListElement\":[{\"@type\":\"ListItem\",\"position\":1,\"name\":\"Portada\",\"item\":\"https:\/\/coreondu.world\/\"},{\"@type\":\"ListItem\",\"position\":2,\"name\":\"Sobre m\u00ed\"}]},{\"@type\":\"WebSite\",\"@id\":\"https:\/\/coreondu.world\/#website\",\"url\":\"https:\/\/coreondu.world\/\",\"name\":\"Cor\u00e9on D\u00fa\",\"description\":\"\",\"potentialAction\":[{\"@type\":\"SearchAction\",\"target\":{\"@type\":\"EntryPoint\",\"urlTemplate\":\"https:\/\/coreondu.world\/?s={search_term_string}\"},\"query-input\":{\"@type\":\"PropertyValueSpecification\",\"valueRequired\":true,\"valueName\":\"search_term_string\"}}],\"inLanguage\":\"en-GB\"}]}<\/script>\n<!-- \/ Yoast SEO plugin. -->","yoast_head_json":{"title":"Sobre m\u00ed - Coreon Du","robots":{"index":"index","follow":"follow","max-snippet":"max-snippet:-1","max-image-preview":"max-image-preview:large","max-video-preview":"max-video-preview:-1"},"canonical":"https:\/\/coreondu.world\/en\/sobre-mi\/","og_locale":"en_GB","og_type":"article","og_title":"Sobre m\u00ed - Coreon Du","og_description":"sobre m\u00ed. Cor\u00e9on D\u00fa artista africano, se define como un so\u00f1ador y aventurero cuya historia se entrelaza con la fusi\u00f3n de culturas. Nacido en Angola, su vida lo llev\u00f3 a Portugal y luego a Estados Unidos, donde se sumergi\u00f3 en la m\u00fasica y la moda. Influenciado por artistas angole\u00f1os y figuras mundiales como Michael Jackson, su exposici\u00f3n a la m\u00fasica latina a trav\u00e9s de la televisi\u00f3n lo inspir\u00f3 a aprender espa\u00f1ol. Ver proyectos Tras \u00e9xitos en moda y publicidad, regres\u00f3 a la m\u00fasica, lanzando en 2010 su debut \u00abThe Cor\u00e9on Experiment\u00bb. Su conexi\u00f3n con la cultura latina se fortaleci\u00f3, marcando un nuevo rumbo hacia el espa\u00f1ol. Cor\u00e9on ha participado en festivales internacionales y ahora se presenta al p\u00fablico latino con su primer \u00e1lbum en espa\u00f1ol, destacando su amor por el idioma y la cultura. Su enfoque musical ecl\u00e9ctico busca fusionar diversas influencias y crear un di\u00e1logo con el p\u00fablico latino.","og_url":"https:\/\/coreondu.world\/en\/sobre-mi\/","og_site_name":"Coreon Du","article_publisher":"https:\/\/www.facebook.com\/CoreonDuOficial\/","article_modified_time":"2025-02-26T08:31:04+00:00","twitter_card":"summary_large_image","twitter_misc":{"Estimated reading time":"1 minute"},"schema":{"@context":"https:\/\/schema.org","@graph":[{"@type":"WebPage","@id":"https:\/\/coreondu.world\/sobre-mi\/","url":"https:\/\/coreondu.world\/sobre-mi\/","name":"Sobre m\u00ed - Coreon Du","isPartOf":{"@id":"https:\/\/coreondu.world\/#website"},"datePublished":"2023-09-27T09:05:42+00:00","dateModified":"2025-02-26T08:31:04+00:00","breadcrumb":{"@id":"https:\/\/coreondu.world\/sobre-mi\/#breadcrumb"},"inLanguage":"en-GB","potentialAction":[{"@type":"ReadAction","target":["https:\/\/coreondu.world\/sobre-mi\/"]}]},{"@type":"BreadcrumbList","@id":"https:\/\/coreondu.world\/sobre-mi\/#breadcrumb","itemListElement":[{"@type":"ListItem","position":1,"name":"Portada","item":"https:\/\/coreondu.world\/"},{"@type":"ListItem","position":2,"name":"Sobre m\u00ed"}]},{"@type":"WebSite","@id":"https:\/\/coreondu.world\/#website","url":"https:\/\/coreondu.world\/","name":"Cor\u00e9on D\u00fa","description":"","potentialAction":[{"@type":"SearchAction","target":{"@type":"EntryPoint","urlTemplate":"https:\/\/coreondu.world\/?s={search_term_string}"},"query-input":{"@type":"PropertyValueSpecification","valueRequired":true,"valueName":"search_term_string"}}],"inLanguage":"en-GB"}]}},"_links":{"self":[{"href":"https:\/\/coreondu.world\/en\/wp-json\/wp\/v2\/pages\/30","targetHints":{"allow":["GET"]}}],"collection":[{"href":"https:\/\/coreondu.world\/en\/wp-json\/wp\/v2\/pages"}],"about":[{"href":"https:\/\/coreondu.world\/en\/wp-json\/wp\/v2\/types\/page"}],"author":[{"embeddable":true,"href":"https:\/\/coreondu.world\/en\/wp-json\/wp\/v2\/users\/1"}],"replies":[{"embeddable":true,"href":"https:\/\/coreondu.world\/en\/wp-json\/wp\/v2\/comments?post=30"}],"version-history":[{"count":0,"href":"https:\/\/coreondu.world\/en\/wp-json\/wp\/v2\/pages\/30\/revisions"}],"wp:attachment":[{"href":"https:\/\/coreondu.world\/en\/wp-json\/wp\/v2\/media?parent=30"}],"curies":[{"name":"wp","href":"https:\/\/api.w.org\/{rel}","templated":true}]}}